{"id":926,"date":"2024-08-29T17:38:46","date_gmt":"2024-08-29T15:38:46","guid":{"rendered":"https:\/\/fersisolar.com\/quienes-somos\/"},"modified":"2024-10-10T13:39:55","modified_gmt":"2024-10-10T11:39:55","slug":"chi-siamo","status":"publish","type":"page","link":"https:\/\/fersisolar.com\/it\/chi-siamo\/","title":{"rendered":"Chi siamo"},"content":{"rendered":"<p><img decoding=\"async\" src=\"\/wp-content\/uploads\/2024\/08\/img-quienes-1.png\" alt=\"\"><br \/>\n<img decoding=\"async\" src=\"\/wp-content\/uploads\/2024\/09\/Quienes_somos_Fersisolar.png\" alt=\"\"><\/p>\n<h1>\n<p><strong>FersiSolar nasce dopo una lunga carriera professionale dei suoi fondatori a livello internazionale nel settore del solare a concentrazione utilizzando diverse tecnologie.<\/strong><\/p>\n<\/h1>\n<div>\n<p><span style=\"font-weight: 400;\">L&#8217;obiettivo \u00e8 quello di mettere tutta questa esperienza a disposizione di Asset Owner, Fondi di investimento e Istituzioni finanziarie.<\/span><\/p>\n<p><span style=\"font-weight: 400;\">Ci affidiamo a tre pilastri principali:<\/span><\/p>\n<\/div>\n<ul>\n<li>\n<p><img decoding=\"async\" src=\"\/wp-content\/uploads\/2024\/08\/icono-asesoramiento.png\" alt=\"\"><\/p>\n<h2><strong>Consulenza alle <br \/>societ\u00e0 di O&#038;M <br \/>di impianti CSP. <\/strong><\/h2>\n<\/li>\n<li>\n<p><img decoding=\"async\" src=\"\/wp-content\/uploads\/2024\/08\/icono-consultoria.png\" alt=\"\"><\/p>\n<h2><strong>Ingegneria e <br \/>consulenza per <br \/>centrali solari termiche.<\/strong><\/h2>\n<\/li>\n<li>\n<p><img decoding=\"async\" src=\"\/wp-content\/uploads\/2024\/08\/icono-soluciones.png\" alt=\"\"><\/p>\n<h2><strong>Soluzioni per la <br \/>fornitura di vapore da fonti rinnovabili come servizio. <\/strong><\/h2>\n<\/li>\n<\/ul>\n<h2>Visione<\/h2>\n<div>\n<p><span style=\"font-weight: 400;\">FersiSolar vuole essere un riferimento nella transizione energetica, aiutando a raggiungere la totale indipendenza dal consumo di combustibili fossili. A tal fine, FersiSolar offre soluzioni 100% rinnovabili grazie all&#8217;esperienza unita all&#8217;impegno del suo team.<\/span><\/p>\n<\/div>\n<p><img decoding=\"async\" src=\"\/wp-content\/uploads\/2024\/08\/img-quienes-2.png\" alt=\"\"><br \/>\n<img decoding=\"async\" src=\"\/wp-content\/uploads\/2024\/08\/img-quienes-3.png\" alt=\"\"><\/p>\n<h2><span style=\"font-weight: 400;\">Missione<\/span><\/h2>\n<div>\n<p><span style=\"font-weight: 400;\">La nostra missione \u00e8 quella di offrire soluzioni rinnovabili innovative all&#8217;industria di medie e grandi dimensioni, fornendo consulenza in tutte le fasi di sviluppo, ingegneria, costruzione e gestione di impianti energetici.<\/span><\/p>\n<p><span style=\"font-weight: 400;\">Ci impegniamo a fornire energia termica 100% rinnovabile, incluso il suo accumulo, per contribuire alla decarbonizzazione industriale e garantire la soddisfazione dei nostri clienti.<\/span><\/p>\n<\/div>\n<p><img decoding=\"async\" src=\"\/wp-content\/uploads\/2024\/08\/img-quienes-3.png\" alt=\"\"><\/p>\n<h2><strong>I nostri valori<\/strong><\/h2>\n<div>\n<p><span style=\"font-weight: 400;\">FersiSolar aspira ai pi\u00f9 alti standard etici e mantiene una cultura onesta, aperta e trasparente. Siamo qui per cambiare il mondo verso un futuro pi\u00f9 sostenibile.<\/span><\/p>\n<p><span style=\"font-weight: 400;\">La sicurezza e la qualit\u00e0 del nostro ambiente sono la nostra priorit\u00e0 e per farlo puntiamo a offrire prodotti e servizi che mirano all&#8217;eccellenza.<\/span><\/p>\n<\/div>\n<p><img decoding=\"async\" src=\"\/wp-content\/uploads\/2024\/08\/img-quienes-4.png\" alt=\"\"><\/p>\n<p>\n    <a href=\"\/it\/prodotti-e-servizi\/\">Scopri di pi\u00f9 sui nostri prodotti e servizi<\/a>\n<\/p>\n<p>\n    <a href=\"\/it\/prodotti-e-servizi\/\">Prodotti e Servizi<\/a>\n<\/p>\n<p><!--more--><br \/>\n<!-- {\"type\":\"layout\",\"children\":[{\"type\":\"section\",\"props\":{\"image_position\":\"center-center\",\"padding\":\"none\",\"style\":\"default\",\"title_breakpoint\":\"xl\",\"title_position\":\"top-left\",\"title_rotation\":\"left\",\"vertical_align\":\"middle\",\"width\":\"\"},\"children\":[{\"type\":\"row\",\"children\":[{\"type\":\"column\",\"props\":{\"image_position\":\"center-center\",\"position_sticky_breakpoint\":\"m\"},\"children\":[{\"type\":\"image\",\"props\":{\"image\":\"wp-content\\\/uploads\\\/2024\\\/08\\\/img-quienes-1.png\",\"image_svg_color\":\"emphasis\",\"margin\":\"remove-vertical\",\"visibility\":\"s\"}}]}]}],\"name\":\"foto cielo\"},{\"type\":\"section\",\"props\":{\"height\":\"pixels\",\"height_viewport\":200,\"image_position\":\"center-center\",\"image_size\":\"cover\",\"padding\":\"none\",\"style\":\"default\",\"title_breakpoint\":\"xl\",\"title_position\":\"top-left\",\"title_rotation\":\"left\",\"vertical_align\":\"middle\",\"width\":\"\"},\"children\":[{\"type\":\"row\",\"children\":[{\"type\":\"column\",\"props\":{\"image_position\":\"center-center\",\"position_sticky_breakpoint\":\"m\"},\"children\":[{\"type\":\"image\",\"props\":{\"image\":\"wp-content\\\/uploads\\\/2024\\\/09\\\/Quienes_somos_Fersisolar.png\",\"image_svg_color\":\"emphasis\",\"image_width\":700,\"margin\":\"default\",\"visibility\":\"hidden-s\"}}]}]}]},{\"type\":\"section\",\"props\":{\"image_position\":\"center-center\",\"style\":\"primary\",\"title_breakpoint\":\"xl\",\"title_position\":\"top-left\",\"title_rotation\":\"left\",\"vertical_align\":\"middle\",\"width\":\"default\"},\"children\":[{\"type\":\"row\",\"children\":[{\"type\":\"column\",\"props\":{\"image_position\":\"center-center\",\"position_sticky_breakpoint\":\"m\"},\"children\":[{\"type\":\"headline\",\"props\":{\"block_align\":\"center\",\"content\":\"\n\n<p><strong>FersiSolar nasce dopo una lunga carriera professionale dei suoi fondatori a livello internazionale nel settore del solare a concentrazione utilizzando diverse tecnologie.<\\\/strong><\\\/p>\",\"maxwidth\":\"2xlarge\",\"maxwidth_breakpoint\":\"m\",\"text_align\":\"left\",\"text_align_breakpoint\":\"m\",\"text_align_fallback\":\"center\",\"title_color\":\"primary\",\"title_element\":\"h1\",\"title_style\":\"h1\"}}]}]}],\"name\":\"texto h1\"},{\"type\":\"section\",\"props\":{\"image_position\":\"center-center\",\"preserve_color\":true,\"style\":\"secondary\",\"title_breakpoint\":\"xl\",\"title_position\":\"top-left\",\"title_rotation\":\"left\",\"vertical_align\":\"middle\",\"width\":\"default\"},\"children\":[{\"type\":\"row\",\"children\":[{\"type\":\"column\",\"props\":{\"image_position\":\"center-center\",\"position_sticky_breakpoint\":\"m\"},\"children\":[{\"type\":\"text\",\"props\":{\"block_align\":\"center\",\"column_breakpoint\":\"m\",\"content\":\"\n\n<p><span style=\\\"font-weight: 400;\\\">L'obiettivo \\u00e8 quello di mettere tutta questa esperienza a disposizione di Asset Owner, Fondi di investimento e Istituzioni finanziarie.<\\\/span><br \\\/><br \\\/><br \\\/><span style=\\\"font-weight: 400;\\\">Ci affidiamo a tre pilastri principali:<\\\/span><\\\/p>\",\"margin\":\"large\",\"maxwidth\":\"xlarge\",\"text_align\":\"center\"}},{\"type\":\"panel-slider\",\"props\":{\"content_column_breakpoint\":\"m\",\"icon_width\":\"\",\"image_align\":\"top\",\"image_grid_breakpoint\":\"m\",\"image_grid_width\":\"1-2\",\"image_svg_color\":\"emphasis\",\"image_width\":\"50\",\"link_style\":\"default\",\"link_text\":\"Read more\",\"margin\":\"default\",\"meta_align\":\"below-title\",\"meta_element\":\"div\",\"meta_style\":\"text-meta\",\"nav\":\"\",\"nav_align\":\"center\",\"nav_breakpoint\":\"s\",\"panel_match\":true,\"show_content\":true,\"show_image\":true,\"show_link\":true,\"show_meta\":true,\"show_title\":true,\"slidenav\":\"\",\"slidenav_breakpoint\":\"xl\",\"slidenav_margin\":\"medium\",\"slidenav_outside_breakpoint\":\"xl\",\"slider_autoplay\":true,\"slider_autoplay_pause\":true,\"slider_gap\":\"large\",\"slider_width\":\"fixed\",\"slider_width_default\":\"1-1\",\"slider_width_medium\":\"1-3\",\"slider_width_small\":\"1-3\",\"text_align\":\"center\",\"title_align\":\"top\",\"title_element\":\"h2\",\"title_grid_breakpoint\":\"m\",\"title_grid_width\":\"1-2\",\"title_hover_style\":\"reset\",\"title_style\":\"h2\"},\"children\":[{\"type\":\"panel-slider_item\",\"props\":{\"image\":\"wp-content\\\/uploads\\\/2024\\\/08\\\/icono-asesoramiento.png\",\"title\":\"<strong>Consulenza alle <br \/>societ\\u00e0 di O&M <br \/>di impianti CSP. <\\\/strong>\"}},{\"type\":\"panel-slider_item\",\"props\":{\"image\":\"wp-content\\\/uploads\\\/2024\\\/08\\\/icono-consultoria.png\",\"title\":\"<strong>Ingegneria e <br \/>consulenza per <br \/>centrali solari termiche.<\\\/strong>\"}},{\"type\":\"panel-slider_item\",\"props\":{\"image\":\"wp-content\\\/uploads\\\/2024\\\/08\\\/icono-soluciones.png\",\"title\":\"<strong>Soluzioni per la <br \/>fornitura di vapore da fonti rinnovabili come servizio. <\\\/strong>\"}}]}]}]}],\"name\":\"pilares\"},{\"type\":\"section\",\"props\":{\"image_position\":\"center-center\",\"style\":\"default\",\"title_breakpoint\":\"xl\",\"title_position\":\"top-left\",\"title_rotation\":\"left\",\"vertical_align\":\"middle\",\"width\":\"default\"},\"children\":[{\"type\":\"row\",\"props\":{\"column_gap\":\"large\",\"layout\":\"1-2,1-2\"},\"children\":[{\"type\":\"column\",\"props\":{\"image_position\":\"center-center\",\"position_sticky_breakpoint\":\"m\",\"vertical_align\":\"middle\",\"width_medium\":\"1-2\",\"width_small\":\"1-2\"},\"children\":[{\"type\":\"headline\",\"props\":{\"content\":\"Visione\",\"text_align\":\"left\",\"text_align_breakpoint\":\"s\",\"text_align_fallback\":\"center\",\"title_element\":\"h2\",\"title_style\":\"h1\"}},{\"type\":\"text\",\"props\":{\"column_breakpoint\":\"m\",\"content\":\"\n\n<p><span style=\\\"font-weight: 400;\\\">FersiSolar vuole essere un riferimento nella transizione energetica, aiutando a raggiungere la totale indipendenza dal consumo di combustibili fossili. A tal fine, FersiSolar offre soluzioni 100% rinnovabili grazie all'esperienza unita all'impegno del suo team.<\\\/span><\\\/p>\",\"margin\":\"default\",\"maxwidth\":\"large\",\"text_align\":\"left\",\"text_align_breakpoint\":\"s\",\"text_align_fallback\":\"center\"}}]},{\"type\":\"column\",\"props\":{\"image_position\":\"center-center\",\"position_sticky_breakpoint\":\"m\",\"width_medium\":\"1-2\",\"width_small\":\"1-2\"},\"children\":[{\"type\":\"image\",\"props\":{\"image\":\"wp-content\\\/uploads\\\/2024\\\/08\\\/img-quienes-2.png\",\"image_svg_color\":\"emphasis\",\"margin\":\"default\",\"text_align\":\"right\"}}]}]},{\"type\":\"row\",\"props\":{\"column_gap\":\"large\",\"layout\":\"1-2,1-2\"},\"children\":[{\"type\":\"column\",\"props\":{\"image_position\":\"center-center\",\"position_sticky_breakpoint\":\"m\",\"width_medium\":\"1-2\",\"width_small\":\"1-2\"},\"children\":[{\"type\":\"image\",\"props\":{\"image\":\"wp-content\\\/uploads\\\/2024\\\/08\\\/img-quienes-3.png\",\"image_svg_color\":\"emphasis\",\"margin\":\"default\",\"text_align\":\"right\",\"visibility\":\"s\"}}]},{\"type\":\"column\",\"props\":{\"image_position\":\"center-center\",\"position_sticky_breakpoint\":\"m\",\"vertical_align\":\"middle\",\"width_medium\":\"1-2\",\"width_small\":\"1-2\"},\"children\":[{\"type\":\"headline\",\"props\":{\"content\":\"<span style=\\\"font-weight: 400;\\\">Missione<\\\/span>\",\"text_align\":\"left\",\"text_align_breakpoint\":\"s\",\"text_align_fallback\":\"center\",\"title_element\":\"h2\",\"title_style\":\"h1\"}},{\"type\":\"text\",\"props\":{\"column_breakpoint\":\"m\",\"content\":\"\n\n<p><span style=\\\"font-weight: 400;\\\">La nostra missione \\u00e8 quella di offrire soluzioni rinnovabili innovative all'industria di medie e grandi dimensioni, fornendo consulenza in tutte le fasi di sviluppo, ingegneria, costruzione e gestione di impianti energetici.<\\\/span><\\\/p>\\n\n\n<p><span style=\\\"font-weight: 400;\\\">Ci impegniamo a fornire energia termica 100% rinnovabile, incluso il suo accumulo, per contribuire alla decarbonizzazione industriale e garantire la soddisfazione dei nostri clienti.<\\\/span><\\\/p>\",\"margin\":\"default\",\"maxwidth\":\"large\",\"text_align\":\"left\",\"text_align_breakpoint\":\"s\",\"text_align_fallback\":\"center\"}},{\"type\":\"image\",\"props\":{\"image\":\"wp-content\\\/uploads\\\/2024\\\/08\\\/img-quienes-3.png\",\"image_svg_color\":\"emphasis\",\"margin\":\"default\",\"text_align\":\"right\",\"visibility\":\"hidden-s\"}}]}]},{\"type\":\"row\",\"props\":{\"column_gap\":\"large\",\"layout\":\"1-2,1-2\"},\"children\":[{\"type\":\"column\",\"props\":{\"image_position\":\"center-center\",\"position_sticky_breakpoint\":\"m\",\"vertical_align\":\"middle\",\"width_medium\":\"1-2\",\"width_small\":\"1-2\"},\"children\":[{\"type\":\"headline\",\"props\":{\"content\":\"<strong>I nostri valori<\\\/strong>\",\"text_align\":\"left\",\"text_align_breakpoint\":\"s\",\"text_align_fallback\":\"center\",\"title_element\":\"h2\",\"title_style\":\"h1\"}},{\"type\":\"text\",\"props\":{\"column_breakpoint\":\"m\",\"content\":\"\n\n<p><span style=\\\"font-weight: 400;\\\">FersiSolar aspira ai pi\\u00f9 alti standard etici e mantiene una cultura onesta, aperta e trasparente. Siamo qui per cambiare il mondo verso un futuro pi\\u00f9 sostenibile.<\\\/span><\\\/p>\\n\n\n<p><span style=\\\"font-weight: 400;\\\">La sicurezza e la qualit\\u00e0 del nostro ambiente sono la nostra priorit\\u00e0 e per farlo puntiamo a offrire prodotti e servizi che mirano all'eccellenza.<\\\/span><\\\/p>\",\"margin\":\"default\",\"maxwidth\":\"large\",\"text_align\":\"left\",\"text_align_breakpoint\":\"s\",\"text_align_fallback\":\"center\"}}]},{\"type\":\"column\",\"props\":{\"image_position\":\"center-center\",\"position_sticky_breakpoint\":\"m\",\"width_medium\":\"1-2\",\"width_small\":\"1-2\"},\"children\":[{\"type\":\"image\",\"props\":{\"image\":\"wp-content\\\/uploads\\\/2024\\\/08\\\/img-quienes-4.png\",\"image_svg_color\":\"emphasis\",\"margin\":\"default\",\"text_align\":\"right\"}}]}]}],\"name\":\"AMPLIA GAMA DE SERVICIOS\"},{\"type\":\"section\",\"props\":{\"height\":\"pixels\",\"height_viewport\":300,\"image\":\"wp-content\\\/uploads\\\/2024\\\/08\\\/img-quienes-5.png\",\"image_position\":\"center-center\",\"image_size\":\"cover\",\"style\":\"default\",\"title_breakpoint\":\"xl\",\"title_position\":\"top-left\",\"title_rotation\":\"left\",\"vertical_align\":\"middle\",\"width\":\"default\"},\"children\":[{\"type\":\"row\",\"children\":[{\"type\":\"column\",\"props\":{\"image_position\":\"center-center\",\"position_sticky_breakpoint\":\"m\"},\"children\":[{\"type\":\"button\",\"props\":{\"grid_column_gap\":\"small\",\"grid_row_gap\":\"small\",\"margin\":\"default\",\"text_align\":\"center\",\"visibility\":\"s\"},\"children\":[{\"type\":\"button_item\",\"props\":{\"button_style\":\"default\",\"content\":\"Scopri di pi\\u00f9 sui nostri prodotti e servizi\",\"icon_align\":\"left\",\"link\":\"it\\\/prodotti-e-servizi\\\/\"}}]},{\"type\":\"button\",\"props\":{\"grid_column_gap\":\"small\",\"grid_row_gap\":\"small\",\"margin\":\"default\",\"text_align\":\"center\",\"visibility\":\"hidden-s\"},\"children\":[{\"type\":\"button_item\",\"props\":{\"button_style\":\"default\",\"content\":\"Prodotti e Servizi\",\"icon_align\":\"left\",\"link\":\"it\\\/prodotti-e-servizi\\\/\"}}]}]}]}]}],\"version\":\"4.4.10\"} --><\/p>\n","protected":false},"excerpt":{"rendered":"<p>FersiSolar nasce dopo una lunga carriera professionale dei suoi fondatori a livello internazionale nel settore del solare a concentrazione utilizzando diverse tecnologie. L&#8217;obiettivo \u00e8 quello di mettere tutta questa esperienza a disposizione di Asset Owner, Fondi di investimento e Istituzioni finanziarie. Ci affidiamo a tre pilastri principali: Consulenza alle societ\u00e0 di O&#038;M di impianti CSP. [&hellip;]<\/p>\n","protected":false},"author":1,"featured_media":0,"parent":0,"menu_order":0,"comment_status":"closed","ping_status":"closed","template":"","meta":{"footnotes":""},"class_list":["post-926","page","type-page","status-publish","hentry"],"yoast_head":"<!-- This site is optimized with the Yoast SEO plugin v27.3 - https:\/\/yoast.com\/product\/yoast-seo-wordpress\/ -->\n<title>Chi siamo - FersiSolar<\/title>\n<meta name=\"robots\" content=\"index, follow, max-snippet:-1, max-image-preview:large, max-video-preview:-1\" \/>\n<link rel=\"canonical\" href=\"https:\/\/fersisolar.com\/it\/chi-siamo\/\" \/>\n<meta property=\"og:locale\" content=\"it_IT\" \/>\n<meta property=\"og:type\" content=\"article\" \/>\n<meta property=\"og:title\" content=\"Chi siamo - FersiSolar\" \/>\n<meta property=\"og:description\" content=\"FersiSolar nasce dopo una lunga carriera professionale dei suoi fondatori a livello internazionale nel settore del solare a concentrazione utilizzando diverse tecnologie. L&#8217;obiettivo \u00e8 quello di mettere tutta questa esperienza a disposizione di Asset Owner, Fondi di investimento e Istituzioni finanziarie. Ci affidiamo a tre pilastri principali: Consulenza alle societ\u00e0 di O&#038;M di impianti CSP. [&hellip;]\" \/>\n<meta property=\"og:url\" content=\"https:\/\/fersisolar.com\/it\/chi-siamo\/\" \/>\n<meta property=\"og:site_name\" content=\"FersiSolar\" \/>\n<meta property=\"article:modified_time\" content=\"2024-10-10T11:39:55+00:00\" \/>\n<meta name=\"twitter:card\" content=\"summary_large_image\" \/>\n<meta name=\"twitter:label1\" content=\"Tempo di lettura stimato\" \/>\n\t<meta name=\"twitter:data1\" content=\"1 minuto\" \/>\n<script type=\"application\/ld+json\" class=\"yoast-schema-graph\">{\"@context\":\"https:\\\/\\\/schema.org\",\"@graph\":[{\"@type\":\"WebPage\",\"@id\":\"https:\\\/\\\/fersisolar.com\\\/it\\\/chi-siamo\\\/\",\"url\":\"https:\\\/\\\/fersisolar.com\\\/it\\\/chi-siamo\\\/\",\"name\":\"Chi siamo - FersiSolar\",\"isPartOf\":{\"@id\":\"https:\\\/\\\/fersisolar.com\\\/#website\"},\"datePublished\":\"2024-08-29T15:38:46+00:00\",\"dateModified\":\"2024-10-10T11:39:55+00:00\",\"breadcrumb\":{\"@id\":\"https:\\\/\\\/fersisolar.com\\\/it\\\/chi-siamo\\\/#breadcrumb\"},\"inLanguage\":\"it-IT\",\"potentialAction\":[{\"@type\":\"ReadAction\",\"target\":[\"https:\\\/\\\/fersisolar.com\\\/it\\\/chi-siamo\\\/\"]}]},{\"@type\":\"BreadcrumbList\",\"@id\":\"https:\\\/\\\/fersisolar.com\\\/it\\\/chi-siamo\\\/#breadcrumb\",\"itemListElement\":[{\"@type\":\"ListItem\",\"position\":1,\"name\":\"Portada\",\"item\":\"https:\\\/\\\/fersisolar.com\\\/it\\\/\"},{\"@type\":\"ListItem\",\"position\":2,\"name\":\"Chi siamo\"}]},{\"@type\":\"WebSite\",\"@id\":\"https:\\\/\\\/fersisolar.com\\\/#website\",\"url\":\"https:\\\/\\\/fersisolar.com\\\/\",\"name\":\"FersiSolar\",\"description\":\"Ingenier\u00eda y consultor\u00eda de instalaciones solares t\u00e9rmicas y fotovoltaicas\",\"publisher\":{\"@id\":\"https:\\\/\\\/fersisolar.com\\\/#organization\"},\"potentialAction\":[{\"@type\":\"SearchAction\",\"target\":{\"@type\":\"EntryPoint\",\"urlTemplate\":\"https:\\\/\\\/fersisolar.com\\\/?s={search_term_string}\"},\"query-input\":{\"@type\":\"PropertyValueSpecification\",\"valueRequired\":true,\"valueName\":\"search_term_string\"}}],\"inLanguage\":\"it-IT\"},{\"@type\":\"Organization\",\"@id\":\"https:\\\/\\\/fersisolar.com\\\/#organization\",\"name\":\"FersiSolar\",\"url\":\"https:\\\/\\\/fersisolar.com\\\/\",\"logo\":{\"@type\":\"ImageObject\",\"inLanguage\":\"it-IT\",\"@id\":\"https:\\\/\\\/fersisolar.com\\\/#\\\/schema\\\/logo\\\/image\\\/\",\"url\":\"https:\\\/\\\/fersisolar.com\\\/wp-content\\\/uploads\\\/2024\\\/08\\\/Logo_Fersisolar.png\",\"contentUrl\":\"https:\\\/\\\/fersisolar.com\\\/wp-content\\\/uploads\\\/2024\\\/08\\\/Logo_Fersisolar.png\",\"width\":554,\"height\":100,\"caption\":\"FersiSolar\"},\"image\":{\"@id\":\"https:\\\/\\\/fersisolar.com\\\/#\\\/schema\\\/logo\\\/image\\\/\"}}]}<\/script>\n<!-- \/ Yoast SEO plugin. -->","yoast_head_json":{"title":"Chi siamo - FersiSolar","robots":{"index":"index","follow":"follow","max-snippet":"max-snippet:-1","max-image-preview":"max-image-preview:large","max-video-preview":"max-video-preview:-1"},"canonical":"https:\/\/fersisolar.com\/it\/chi-siamo\/","og_locale":"it_IT","og_type":"article","og_title":"Chi siamo - FersiSolar","og_description":"FersiSolar nasce dopo una lunga carriera professionale dei suoi fondatori a livello internazionale nel settore del solare a concentrazione utilizzando diverse tecnologie. L&#8217;obiettivo \u00e8 quello di mettere tutta questa esperienza a disposizione di Asset Owner, Fondi di investimento e Istituzioni finanziarie. Ci affidiamo a tre pilastri principali: Consulenza alle societ\u00e0 di O&#038;M di impianti CSP. [&hellip;]","og_url":"https:\/\/fersisolar.com\/it\/chi-siamo\/","og_site_name":"FersiSolar","article_modified_time":"2024-10-10T11:39:55+00:00","twitter_card":"summary_large_image","twitter_misc":{"Tempo di lettura stimato":"1 minuto"},"schema":{"@context":"https:\/\/schema.org","@graph":[{"@type":"WebPage","@id":"https:\/\/fersisolar.com\/it\/chi-siamo\/","url":"https:\/\/fersisolar.com\/it\/chi-siamo\/","name":"Chi siamo - FersiSolar","isPartOf":{"@id":"https:\/\/fersisolar.com\/#website"},"datePublished":"2024-08-29T15:38:46+00:00","dateModified":"2024-10-10T11:39:55+00:00","breadcrumb":{"@id":"https:\/\/fersisolar.com\/it\/chi-siamo\/#breadcrumb"},"inLanguage":"it-IT","potentialAction":[{"@type":"ReadAction","target":["https:\/\/fersisolar.com\/it\/chi-siamo\/"]}]},{"@type":"BreadcrumbList","@id":"https:\/\/fersisolar.com\/it\/chi-siamo\/#breadcrumb","itemListElement":[{"@type":"ListItem","position":1,"name":"Portada","item":"https:\/\/fersisolar.com\/it\/"},{"@type":"ListItem","position":2,"name":"Chi siamo"}]},{"@type":"WebSite","@id":"https:\/\/fersisolar.com\/#website","url":"https:\/\/fersisolar.com\/","name":"FersiSolar","description":"Ingenier\u00eda y consultor\u00eda de instalaciones solares t\u00e9rmicas y fotovoltaicas","publisher":{"@id":"https:\/\/fersisolar.com\/#organization"},"potentialAction":[{"@type":"SearchAction","target":{"@type":"EntryPoint","urlTemplate":"https:\/\/fersisolar.com\/?s={search_term_string}"},"query-input":{"@type":"PropertyValueSpecification","valueRequired":true,"valueName":"search_term_string"}}],"inLanguage":"it-IT"},{"@type":"Organization","@id":"https:\/\/fersisolar.com\/#organization","name":"FersiSolar","url":"https:\/\/fersisolar.com\/","logo":{"@type":"ImageObject","inLanguage":"it-IT","@id":"https:\/\/fersisolar.com\/#\/schema\/logo\/image\/","url":"https:\/\/fersisolar.com\/wp-content\/uploads\/2024\/08\/Logo_Fersisolar.png","contentUrl":"https:\/\/fersisolar.com\/wp-content\/uploads\/2024\/08\/Logo_Fersisolar.png","width":554,"height":100,"caption":"FersiSolar"},"image":{"@id":"https:\/\/fersisolar.com\/#\/schema\/logo\/image\/"}}]}},"_links":{"self":[{"href":"https:\/\/fersisolar.com\/it\/wp-json\/wp\/v2\/pages\/926","targetHints":{"allow":["GET"]}}],"collection":[{"href":"https:\/\/fersisolar.com\/it\/wp-json\/wp\/v2\/pages"}],"about":[{"href":"https:\/\/fersisolar.com\/it\/wp-json\/wp\/v2\/types\/page"}],"author":[{"embeddable":true,"href":"https:\/\/fersisolar.com\/it\/wp-json\/wp\/v2\/users\/1"}],"replies":[{"embeddable":true,"href":"https:\/\/fersisolar.com\/it\/wp-json\/wp\/v2\/comments?post=926"}],"version-history":[{"count":15,"href":"https:\/\/fersisolar.com\/it\/wp-json\/wp\/v2\/pages\/926\/revisions"}],"predecessor-version":[{"id":984,"href":"https:\/\/fersisolar.com\/it\/wp-json\/wp\/v2\/pages\/926\/revisions\/984"}],"wp:attachment":[{"href":"https:\/\/fersisolar.com\/it\/wp-json\/wp\/v2\/media?parent=926"}],"curies":[{"name":"wp","href":"https:\/\/api.w.org\/{rel}","templated":true}]}}