{"id":923,"date":"2024-08-28T11:09:46","date_gmt":"2024-08-28T09:09:46","guid":{"rendered":"https:\/\/fersisolar.com\/inicio\/"},"modified":"2024-10-18T14:19:13","modified_gmt":"2024-10-18T12:19:13","slug":"inizio","status":"publish","type":"page","link":"https:\/\/fersisolar.com\/it\/","title":{"rendered":"Inizio"},"content":{"rendered":"<h1>\n<p><strong>Alimenta il tuo futuro con l&#8217;energia solare:<br \/>innovazione, efficienza e sostenibilit\u00e0 per i tuoi progetti.<\/strong><\/p>\n<\/h1>\n<p>\n    <a href=\"\/it\/contattaci\/\">Contattaci oggi<\/a>\n<\/p>\n<p><img decoding=\"async\" src=\"\/wp-content\/uploads\/2024\/08\/sol.png\" alt=\"\"><\/p>\n<div>\n<p><span style=\"font-weight: 400;\">FersiSolar \u00e8 un&#8217;azienda specializzata in ingegneria e consulenza, dedicata a fornire soluzioni tecniche e servizi completi per installazioni solari termiche e fotovoltaiche.<\/span><\/p>\n<\/div>\n<p><iframe src=\"\/%3Ciframe%20src=\"https:\/\/www.youtube.com\/embed\/RHfcmjnIv1k?controls=0&#038;autoplay=1&#038;start=2&#038;mute=1&#038;loop=1&#038;playlist=RHfcmjnIv1k\" frameborder=\"0\" allow=\"accelerometer; autoplay; clipboard-write; encrypted-media; gyroscope; picture-in-picture; web-share\" referrerpolicy=\"strict-origin-when-cross-origin\" allowfullscreen><\/iframe>&#8220;><\/iframe><\/p>\n<h2><strong>Ampia gamma di servizi<\/strong><\/h2>\n<div>\n<p><span style=\"font-weight: 400;\">Offriamo un&#8217;ampia gamma di servizi pensati per soddisfare le esigenze dei progetti che mirano a sfruttare fonti di energia rinnovabile per generare <\/span><span style=\"font-weight: 400;\">calore industriale.<\/span><\/p>\n<\/div>\n<p><img decoding=\"async\" src=\"\/wp-content\/uploads\/2024\/09\/Home_Fersisolar_02.png\" alt=\"\"><br \/>\n<img decoding=\"async\" src=\"\/wp-content\/uploads\/2024\/09\/Home_Fersisolar_03.png\" alt=\"\"><\/p>\n<h2>\n<p><strong>La nostra esperienza e il nostro impegno ci consentono di offrire soluzioni innovative ed efficienti, garantendo l&#8217;ottimizzazione e la sostenibilit\u00e0 di ogni installazione.<\/strong><\/p>\n<\/h2>\n<p><img decoding=\"async\" src=\"\/wp-content\/uploads\/2024\/09\/Home_Fersisolar_03.png\" alt=\"\"><\/p>\n<h3><strong>Cosa dicono i nostri clienti<\/strong><\/h3>\n<ul>\n<li>\n<p>Javier L\u00f3pez, Responsabile delle operazioni industriali<\/p>\n<div>\n<p><span style=\"font-weight: 400;\">&#8220;Scegliere FersiSolar \u00e8 stata una delle migliori decisioni che abbiamo preso per il nostro <\/span><span style=\"font-weight: 400;\">progetto. Il loro team di ingegneri e consulenti ci ha fornito soluzioni su misura che hanno superato le nostre aspettative. <\/span><\/p>\n<p><span style=\"font-weight: 400;\">L&#8217;installazione solare termica e fotovoltaica non solo ha ridotto i nostri costi energetici, ma ha anche dimostrato di essere un&#8217;opzione affidabile e sostenibile per la nostra attivit\u00e0. Siamo lieti del livello di professionalit\u00e0 e attenzione ai dettagli che FersiSolar ha portato in ogni fase del processo.<\/span><\/p>\n<p><span style=\"font-weight: 400;\">Consiglio vivamente i loro servizi a qualsiasi azienda alla ricerca di soluzioni energetiche innovative ed efficienti!<\/span><\/p>\n<\/div>\n<\/li>\n<li>\n<p>Javier L\u00f3pez, Responsabile delle operazioni industriali<\/p>\n<div>\n<p><span style=\"font-weight: 400;\">&#8220;Scegliere FersiSolar \u00e8 stata una delle migliori decisioni che abbiamo preso per il nostro <\/span><span style=\"font-weight: 400;\">progetto. Il loro team di ingegneri e consulenti ci ha fornito soluzioni su misura che hanno superato le nostre aspettative. <\/span><\/p>\n<p><span style=\"font-weight: 400;\">L&#8217;installazione solare termica e fotovoltaica non solo ha ridotto i nostri costi energetici, ma ha anche dimostrato di essere un&#8217;opzione affidabile e sostenibile per la nostra attivit\u00e0. Siamo lieti del livello di professionalit\u00e0 e attenzione ai dettagli che FersiSolar ha portato in ogni fase del processo.<\/span><\/p>\n<p><span style=\"font-weight: 400;\">Consiglio vivamente i loro servizi a qualsiasi azienda alla ricerca di soluzioni energetiche innovative ed efficienti!<\/span><\/p>\n<\/div>\n<\/li>\n<li>\n<p>Javier L\u00f3pez, Responsabile delle operazioni industriali<\/p>\n<div>\n<p><span style=\"font-weight: 400;\">&#8220;Scegliere FersiSolar \u00e8 stata una delle migliori decisioni che abbiamo preso per il nostro <\/span><span style=\"font-weight: 400;\">progetto. Il loro team di ingegneri e consulenti ci ha fornito soluzioni su misura che hanno superato le nostre aspettative. <\/span><\/p>\n<p><span style=\"font-weight: 400;\">L&#8217;installazione solare termica e fotovoltaica non solo ha ridotto i nostri costi energetici, ma ha anche dimostrato di essere un&#8217;opzione affidabile e sostenibile per la nostra attivit\u00e0. Siamo lieti del livello di professionalit\u00e0 e attenzione ai dettagli che FersiSolar ha portato in ogni fase del processo.<\/span><\/p>\n<p><span style=\"font-weight: 400;\">Consiglio vivamente i loro servizi a qualsiasi azienda alla ricerca di soluzioni energetiche innovative ed efficienti!<\/span><\/p>\n<\/div>\n<\/li>\n<\/ul>\n<h3>\n<p><strong>Se hai un progetto o domande, contattaci e uno dei nostri esperti ti consiglier\u00e0.<\/strong><\/p>\n<\/h3>\n<p>\n    <a href=\"\/it\/contattaci\/\">Contattaci Oggi<\/a>\n<\/p>\n<p><!--more--><br \/>\n<!-- {\"type\":\"layout\",\"children\":[{\"type\":\"section\",\"props\":{\"height\":\"pixels\",\"height_viewport\":600,\"image\":\"wp-content\\\/uploads\\\/2024\\\/08\\\/FONDO_FERSISOLAR.png\",\"image_position\":\"center-center\",\"image_size\":\"cover\",\"padding\":\"none\",\"style\":\"default\",\"title_breakpoint\":\"xl\",\"title_position\":\"top-left\",\"title_rotation\":\"left\",\"vertical_align\":\"middle\",\"width\":\"\"},\"children\":[{\"type\":\"row\",\"children\":[{\"type\":\"column\",\"props\":{\"image_position\":\"center-center\",\"position_sticky_breakpoint\":\"m\"},\"children\":[{\"type\":\"headline\",\"props\":{\"block_align\":\"center\",\"content\":\"\n\n<p><strong>Alimenta il tuo futuro con l'energia solare:<br \\\/>innovazione, efficienza e sostenibilit\\u00e0 per i tuoi progetti.<\\\/strong><\\\/p>\",\"text_align\":\"center\",\"title_color\":\"primary\",\"title_element\":\"h1\",\"title_style\":\"h1\"}}]}]},{\"type\":\"row\",\"children\":[{\"type\":\"column\",\"props\":{\"image_position\":\"center-center\",\"position_sticky_breakpoint\":\"m\"},\"children\":[{\"type\":\"button\",\"props\":{\"grid_column_gap\":\"small\",\"grid_row_gap\":\"small\",\"margin\":\"default\",\"text_align\":\"center\"},\"children\":[{\"type\":\"button_item\",\"props\":{\"button_style\":\"default\",\"content\":\"Contattaci oggi\",\"icon_align\":\"left\",\"link\":\"it\\\/contattaci\\\/\"}}]}]}]}],\"name\":\"ENTRADA\"},{\"type\":\"section\",\"props\":{\"image_position\":\"center-center\",\"style\":\"default\",\"title_breakpoint\":\"xl\",\"title_position\":\"top-left\",\"title_rotation\":\"left\",\"vertical_align\":\"middle\",\"width\":\"default\"},\"children\":[{\"type\":\"row\",\"children\":[{\"type\":\"column\",\"props\":{\"image_position\":\"center-center\",\"position_sticky_breakpoint\":\"m\"},\"children\":[{\"type\":\"image\",\"props\":{\"image\":\"wp-content\\\/uploads\\\/2024\\\/08\\\/sol.png\",\"image_svg_color\":\"emphasis\",\"image_width\":200,\"margin\":\"default\",\"text_align\":\"center\"}},{\"type\":\"text\",\"props\":{\"block_align\":\"center\",\"column_breakpoint\":\"m\",\"content\":\"\n\n<p><span style=\\\"font-weight: 400;\\\">FersiSolar \\u00e8 un'azienda specializzata in ingegneria e consulenza, dedicata a fornire soluzioni tecniche e servizi completi per installazioni solari termiche e fotovoltaiche.<\\\/span><\\\/p>\",\"margin\":\"large\",\"maxwidth\":\"xlarge\",\"text_align\":\"center\"}},{\"type\":\"video\",\"props\":{\"margin\":\"\",\"text_align\":\"center\",\"video\":\"<iframe src=\\\"https:\\\/\\\/www.youtube.com\\\/embed\\\/RHfcmjnIv1k?controls=0&autoplay=1&start=2&mute=1&loop=1&playlist=RHfcmjnIv1k\\\" frameborder=\\\"0\\\" allow=\\\"accelerometer; autoplay; clipboard-write; encrypted-media; gyroscope; picture-in-picture; web-share\\\" referrerpolicy=\\\"strict-origin-when-cross-origin\\\" allowfullscreen><\\\/iframe>\",\"video_controls\":true,\"video_width\":\"900\"},\"name\":\"video\"}]}]}],\"name\":\"SOL\"},{\"type\":\"section\",\"props\":{\"image_position\":\"center-center\",\"style\":\"primary\",\"title_breakpoint\":\"xl\",\"title_position\":\"top-left\",\"title_rotation\":\"left\",\"vertical_align\":\"middle\",\"width\":\"default\"},\"children\":[{\"type\":\"row\",\"props\":{\"column_gap\":\"large\",\"layout\":\"1-2,1-2\"},\"children\":[{\"type\":\"column\",\"props\":{\"image_position\":\"center-center\",\"position_sticky_breakpoint\":\"m\",\"vertical_align\":\"middle\",\"width_medium\":\"1-2\",\"width_small\":\"1-2\"},\"children\":[{\"type\":\"headline\",\"props\":{\"block_align\":\"center\",\"content\":\"<strong>Ampia gamma di servizi<\\\/strong>\",\"maxwidth\":\"large\",\"maxwidth_breakpoint\":\"s\",\"text_align\":\"left\",\"text_align_breakpoint\":\"s\",\"text_align_fallback\":\"center\",\"title_element\":\"h2\",\"title_style\":\"h1\"}},{\"type\":\"text\",\"props\":{\"block_align\":\"center\",\"block_align_breakpoint\":\"s\",\"block_align_fallback\":\"center\",\"column_breakpoint\":\"m\",\"content\":\"\n\n<p><span style=\\\"font-weight: 400;\\\">Offriamo un'ampia gamma di servizi pensati per soddisfare le esigenze dei progetti che mirano a sfruttare fonti di energia rinnovabile per generare <\\\/span><span style=\\\"font-weight: 400;\\\">calore industriale.<\\\/span><\\\/p>\",\"margin\":\"default\",\"maxwidth\":\"large\",\"maxwidth_breakpoint\":\"s\",\"text_align\":\"left\",\"text_align_breakpoint\":\"s\",\"text_align_fallback\":\"center\",\"text_color\":\"primary\"}}]},{\"type\":\"column\",\"props\":{\"image_position\":\"center-center\",\"position_sticky_breakpoint\":\"m\",\"width_medium\":\"1-2\",\"width_small\":\"1-2\"},\"children\":[{\"type\":\"image\",\"props\":{\"image\":\"wp-content\\\/uploads\\\/2024\\\/09\\\/Home_Fersisolar_02.png\",\"image_svg_color\":\"emphasis\",\"margin\":\"default\",\"text_align\":\"right\",\"text_align_breakpoint\":\"m\",\"text_align_fallback\":\"center\"}}]}]},{\"type\":\"row\",\"props\":{\"column_gap\":\"large\",\"layout\":\"1-2,1-2\"},\"children\":[{\"type\":\"column\",\"props\":{\"image_position\":\"center-center\",\"position_sticky_breakpoint\":\"m\",\"width_medium\":\"1-2\",\"width_small\":\"1-2\"},\"children\":[{\"type\":\"image\",\"props\":{\"image\":\"wp-content\\\/uploads\\\/2024\\\/09\\\/Home_Fersisolar_03.png\",\"image_svg_color\":\"emphasis\",\"margin\":\"default\",\"text_align\":\"left\",\"visibility\":\"s\"}}]},{\"type\":\"column\",\"props\":{\"image_position\":\"center-center\",\"position_sticky_breakpoint\":\"m\",\"vertical_align\":\"middle\",\"width_medium\":\"1-2\",\"width_small\":\"1-2\"},\"children\":[{\"type\":\"headline\",\"props\":{\"block_align\":\"center\",\"block_align_breakpoint\":\"s\",\"block_align_fallback\":\"center\",\"content\":\"\n\n<p><strong>La nostra esperienza e il nostro impegno ci consentono di offrire soluzioni innovative ed efficienti, garantendo l'ottimizzazione e la sostenibilit\\u00e0 di ogni installazione.<\\\/strong><\\\/p>\",\"maxwidth\":\"large\",\"text_align\":\"left\",\"text_align_breakpoint\":\"s\",\"text_align_fallback\":\"center\",\"title_element\":\"h2\",\"title_font_family\":\"default\",\"title_style\":\"h1\"}},{\"type\":\"image\",\"props\":{\"image\":\"wp-content\\\/uploads\\\/2024\\\/09\\\/Home_Fersisolar_03.png\",\"image_svg_color\":\"emphasis\",\"margin\":\"default\",\"text_align\":\"center\",\"visibility\":\"hidden-s\"}}]}]}],\"name\":\"AMPLIA GAMA DE SERVICIOS\"},{\"type\":\"section\",\"props\":{\"image_position\":\"center-center\",\"padding\":\"large\",\"style\":\"secondary\",\"title_breakpoint\":\"xl\",\"title_position\":\"top-left\",\"title_rotation\":\"left\",\"vertical_align\":\"middle\",\"width\":\"default\"},\"children\":[{\"type\":\"row\",\"children\":[{\"type\":\"column\",\"props\":{\"image_position\":\"center-center\",\"position_sticky_breakpoint\":\"m\"},\"children\":[{\"type\":\"headline\",\"props\":{\"content\":\"<strong>Cosa dicono i nostri clienti<\\\/strong>\",\"margin\":\"medium\",\"text_align\":\"center\",\"title_color\":\"secondary\",\"title_element\":\"h3\",\"title_style\":\"h1\"}},{\"type\":\"panel-slider\",\"props\":{\"block_align\":\"center\",\"content_column_breakpoint\":\"m\",\"css\":\".el-content {\\ncolor:black;\\nline-height:1.36;\\n}\\n.el-slidenav:first-of-type {\\n    left: -50px; \\\/* Posici\\u00f3n para el primer elemento *\\\/\\n}\\n.el-slidenav:last-of-type {\\n    right: -50px; \\\/* Posici\\u00f3n para el segundo elemento *\\\/\\n}\\n\\n\",\"icon_width\":80,\"image_align\":\"top\",\"image_grid_breakpoint\":\"m\",\"image_grid_width\":\"1-2\",\"image_svg_color\":\"emphasis\",\"link_style\":\"default\",\"link_text\":\"Read more\",\"margin\":\"default\",\"maxwidth\":\"xlarge\",\"meta_align\":\"below-content\",\"meta_color\":\"secondary\",\"meta_element\":\"div\",\"meta_margin\":\"medium\",\"meta_style\":\"text-lead\",\"nav\":\"\",\"nav_align\":\"center\",\"nav_breakpoint\":\"s\",\"panel_match\":true,\"panel_padding\":\"large\",\"show_content\":true,\"show_image\":true,\"show_link\":true,\"show_meta\":true,\"show_title\":true,\"slidenav\":\"outside\",\"slidenav_breakpoint\":\"\",\"slidenav_large\":false,\"slidenav_margin\":\"\",\"slidenav_outside_breakpoint\":\"xl\",\"slider_autoplay\":true,\"slider_autoplay_pause\":true,\"slider_gap\":\"default\",\"slider_sets\":true,\"slider_width\":\"\",\"slider_width_default\":\"1-1\",\"slider_width_medium\":\"1-1\",\"text_align\":\"center\",\"title_align\":\"top\",\"title_element\":\"h3\",\"title_grid_breakpoint\":\"m\",\"title_grid_width\":\"1-2\",\"title_hover_style\":\"reset\"},\"children\":[{\"type\":\"panel-slider_item\",\"props\":{\"content\":\"\n\n<p><span style=\\\"font-weight: 400;\\\">\\\"Scegliere FersiSolar \\u00e8 stata una delle migliori decisioni che abbiamo preso per il nostro <\\\/span><span style=\\\"font-weight: 400;\\\">progetto. Il loro team di ingegneri e consulenti ci ha fornito soluzioni su misura che hanno superato le nostre aspettative. <\\\/span><\\\/p>\\n\n\n<p><span style=\\\"font-weight: 400;\\\">L'installazione solare termica e fotovoltaica non solo ha ridotto i nostri costi energetici, ma ha anche dimostrato di essere un'opzione affidabile e sostenibile per la nostra attivit\\u00e0. Siamo lieti del livello di professionalit\\u00e0 e attenzione ai dettagli che FersiSolar ha portato in ogni fase del processo.<\\\/span><\\\/p>\\n\n\n<p><span style=\\\"font-weight: 400;\\\">Consiglio vivamente i loro servizi a qualsiasi azienda alla ricerca di soluzioni energetiche innovative ed efficienti!<\\\/span><\\\/p>\",\"meta\":\"Javier L\\u00f3pez, Responsabile delle operazioni industriali\"}},{\"type\":\"panel-slider_item\",\"props\":{\"content\":\"\n\n<p><span style=\\\"font-weight: 400;\\\">\\\"Scegliere FersiSolar \\u00e8 stata una delle migliori decisioni che abbiamo preso per il nostro <\\\/span><span style=\\\"font-weight: 400;\\\">progetto. Il loro team di ingegneri e consulenti ci ha fornito soluzioni su misura che hanno superato le nostre aspettative. <\\\/span><\\\/p>\\n\n\n<p><span style=\\\"font-weight: 400;\\\">L'installazione solare termica e fotovoltaica non solo ha ridotto i nostri costi energetici, ma ha anche dimostrato di essere un'opzione affidabile e sostenibile per la nostra attivit\\u00e0. Siamo lieti del livello di professionalit\\u00e0 e attenzione ai dettagli che FersiSolar ha portato in ogni fase del processo.<\\\/span><\\\/p>\\n\n\n<p><span style=\\\"font-weight: 400;\\\">Consiglio vivamente i loro servizi a qualsiasi azienda alla ricerca di soluzioni energetiche innovative ed efficienti!<\\\/span><\\\/p>\",\"meta\":\"Javier L\\u00f3pez, Responsabile delle operazioni industriali\"}},{\"type\":\"panel-slider_item\",\"props\":{\"content\":\"\n\n<p><span style=\\\"font-weight: 400;\\\">\\\"Scegliere FersiSolar \\u00e8 stata una delle migliori decisioni che abbiamo preso per il nostro <\\\/span><span style=\\\"font-weight: 400;\\\">progetto. Il loro team di ingegneri e consulenti ci ha fornito soluzioni su misura che hanno superato le nostre aspettative. <\\\/span><\\\/p>\\n\n\n<p><span style=\\\"font-weight: 400;\\\">L'installazione solare termica e fotovoltaica non solo ha ridotto i nostri costi energetici, ma ha anche dimostrato di essere un'opzione affidabile e sostenibile per la nostra attivit\\u00e0. Siamo lieti del livello di professionalit\\u00e0 e attenzione ai dettagli che FersiSolar ha portato in ogni fase del processo.<\\\/span><\\\/p>\\n\n\n<p><span style=\\\"font-weight: 400;\\\">Consiglio vivamente i loro servizi a qualsiasi azienda alla ricerca di soluzioni energetiche innovative ed efficienti!<\\\/span><\\\/p>\",\"meta\":\"Javier L\\u00f3pez, Responsabile delle operazioni industriali\"}}]}]}]}],\"name\":\"OPINIONES\"},{\"type\":\"section\",\"props\":{\"image_position\":\"center-center\",\"padding\":\"large\",\"style\":\"default\",\"title_breakpoint\":\"xl\",\"title_position\":\"top-left\",\"title_rotation\":\"left\",\"vertical_align\":\"middle\",\"width\":\"default\"},\"children\":[{\"type\":\"row\",\"props\":{\"layout\":\"1-2,1-2\"},\"children\":[{\"type\":\"column\",\"props\":{\"image_position\":\"center-center\",\"position_sticky_breakpoint\":\"m\",\"width_medium\":\"1-2\"},\"children\":[{\"type\":\"headline\",\"props\":{\"content\":\"\n\n<p><strong>Se hai un progetto o domande, contattaci e uno dei nostri esperti ti consiglier\\u00e0.<\\\/strong><\\\/p>\",\"text_align\":\"left\",\"text_align_breakpoint\":\"m\",\"text_align_fallback\":\"center\",\"title_element\":\"h3\",\"title_style\":\"h1\"}}]},{\"type\":\"column\",\"props\":{\"image_position\":\"center-center\",\"position_sticky_breakpoint\":\"m\",\"vertical_align\":\"bottom\",\"width_medium\":\"1-2\"},\"children\":[{\"type\":\"button\",\"props\":{\"block_align\":\"center\",\"fullwidth\":true,\"grid_column_gap\":\"small\",\"grid_row_gap\":\"small\",\"margin\":\"default\",\"maxwidth\":\"medium\"},\"children\":[{\"type\":\"button_item\",\"props\":{\"button_style\":\"default\",\"content\":\"Contattaci Oggi\",\"icon_align\":\"left\",\"link\":\"it\\\/contattaci\\\/\"}}]}]}]}],\"name\":\"Contacta\"}],\"version\":\"4.4.10\"} --><\/p>\n","protected":false},"excerpt":{"rendered":"<p>Alimenta il tuo futuro con l&#8217;energia solare:innovazione, efficienza e sostenibilit\u00e0 per i tuoi progetti. Contattaci oggi FersiSolar \u00e8 un&#8217;azienda specializzata in ingegneria e consulenza, dedicata a fornire soluzioni tecniche e servizi completi per installazioni solari termiche e fotovoltaiche.<\/p>\n","protected":false},"author":1,"featured_media":0,"parent":0,"menu_order":0,"comment_status":"closed","ping_status":"closed","template":"","meta":{"footnotes":""},"class_list":["post-923","page","type-page","status-publish","hentry"],"yoast_head":"<!-- This site is optimized with the Yoast SEO plugin v27.3 - https:\/\/yoast.com\/product\/yoast-seo-wordpress\/ -->\n<title>Inizio - FersiSolar<\/title>\n<meta name=\"robots\" content=\"index, follow, max-snippet:-1, max-image-preview:large, max-video-preview:-1\" \/>\n<link rel=\"canonical\" href=\"https:\/\/fersisolar.com\/it\/\" \/>\n<meta property=\"og:locale\" content=\"it_IT\" \/>\n<meta property=\"og:type\" content=\"article\" \/>\n<meta property=\"og:title\" content=\"Inizio - FersiSolar\" \/>\n<meta property=\"og:description\" content=\"Alimenta il tuo futuro con l&#8217;energia solare:innovazione, efficienza e sostenibilit\u00e0 per i tuoi progetti. Contattaci oggi FersiSolar \u00e8 un&#8217;azienda specializzata in ingegneria e consulenza, dedicata a fornire soluzioni tecniche e servizi completi per installazioni solari termiche e fotovoltaiche.\" \/>\n<meta property=\"og:url\" content=\"https:\/\/fersisolar.com\/it\/\" \/>\n<meta property=\"og:site_name\" content=\"FersiSolar\" \/>\n<meta property=\"article:modified_time\" content=\"2024-10-18T12:19:13+00:00\" \/>\n<meta name=\"twitter:card\" content=\"summary_large_image\" \/>\n<meta name=\"twitter:label1\" content=\"Tempo di lettura stimato\" \/>\n\t<meta name=\"twitter:data1\" content=\"2 minuti\" \/>\n<script type=\"application\/ld+json\" class=\"yoast-schema-graph\">{\"@context\":\"https:\\\/\\\/schema.org\",\"@graph\":[{\"@type\":\"WebPage\",\"@id\":\"https:\\\/\\\/fersisolar.com\\\/it\\\/\",\"url\":\"https:\\\/\\\/fersisolar.com\\\/it\\\/\",\"name\":\"Inizio - FersiSolar\",\"isPartOf\":{\"@id\":\"https:\\\/\\\/fersisolar.com\\\/#website\"},\"datePublished\":\"2024-08-28T09:09:46+00:00\",\"dateModified\":\"2024-10-18T12:19:13+00:00\",\"breadcrumb\":{\"@id\":\"https:\\\/\\\/fersisolar.com\\\/it\\\/#breadcrumb\"},\"inLanguage\":\"it-IT\",\"potentialAction\":[{\"@type\":\"ReadAction\",\"target\":[\"https:\\\/\\\/fersisolar.com\\\/it\\\/\"]}]},{\"@type\":\"BreadcrumbList\",\"@id\":\"https:\\\/\\\/fersisolar.com\\\/it\\\/#breadcrumb\",\"itemListElement\":[{\"@type\":\"ListItem\",\"position\":1,\"name\":\"Portada\",\"item\":\"https:\\\/\\\/fersisolar.com\\\/it\\\/\"},{\"@type\":\"ListItem\",\"position\":2,\"name\":\"Inizio\"}]},{\"@type\":\"WebSite\",\"@id\":\"https:\\\/\\\/fersisolar.com\\\/#website\",\"url\":\"https:\\\/\\\/fersisolar.com\\\/\",\"name\":\"FersiSolar\",\"description\":\"Ingenier\u00eda y consultor\u00eda de instalaciones solares t\u00e9rmicas y fotovoltaicas\",\"publisher\":{\"@id\":\"https:\\\/\\\/fersisolar.com\\\/#organization\"},\"potentialAction\":[{\"@type\":\"SearchAction\",\"target\":{\"@type\":\"EntryPoint\",\"urlTemplate\":\"https:\\\/\\\/fersisolar.com\\\/?s={search_term_string}\"},\"query-input\":{\"@type\":\"PropertyValueSpecification\",\"valueRequired\":true,\"valueName\":\"search_term_string\"}}],\"inLanguage\":\"it-IT\"},{\"@type\":\"Organization\",\"@id\":\"https:\\\/\\\/fersisolar.com\\\/#organization\",\"name\":\"FersiSolar\",\"url\":\"https:\\\/\\\/fersisolar.com\\\/\",\"logo\":{\"@type\":\"ImageObject\",\"inLanguage\":\"it-IT\",\"@id\":\"https:\\\/\\\/fersisolar.com\\\/#\\\/schema\\\/logo\\\/image\\\/\",\"url\":\"https:\\\/\\\/fersisolar.com\\\/wp-content\\\/uploads\\\/2024\\\/08\\\/Logo_Fersisolar.png\",\"contentUrl\":\"https:\\\/\\\/fersisolar.com\\\/wp-content\\\/uploads\\\/2024\\\/08\\\/Logo_Fersisolar.png\",\"width\":554,\"height\":100,\"caption\":\"FersiSolar\"},\"image\":{\"@id\":\"https:\\\/\\\/fersisolar.com\\\/#\\\/schema\\\/logo\\\/image\\\/\"}}]}<\/script>\n<!-- \/ Yoast SEO plugin. -->","yoast_head_json":{"title":"Inizio - FersiSolar","robots":{"index":"index","follow":"follow","max-snippet":"max-snippet:-1","max-image-preview":"max-image-preview:large","max-video-preview":"max-video-preview:-1"},"canonical":"https:\/\/fersisolar.com\/it\/","og_locale":"it_IT","og_type":"article","og_title":"Inizio - FersiSolar","og_description":"Alimenta il tuo futuro con l&#8217;energia solare:innovazione, efficienza e sostenibilit\u00e0 per i tuoi progetti. Contattaci oggi FersiSolar \u00e8 un&#8217;azienda specializzata in ingegneria e consulenza, dedicata a fornire soluzioni tecniche e servizi completi per installazioni solari termiche e fotovoltaiche.","og_url":"https:\/\/fersisolar.com\/it\/","og_site_name":"FersiSolar","article_modified_time":"2024-10-18T12:19:13+00:00","twitter_card":"summary_large_image","twitter_misc":{"Tempo di lettura stimato":"2 minuti"},"schema":{"@context":"https:\/\/schema.org","@graph":[{"@type":"WebPage","@id":"https:\/\/fersisolar.com\/it\/","url":"https:\/\/fersisolar.com\/it\/","name":"Inizio - FersiSolar","isPartOf":{"@id":"https:\/\/fersisolar.com\/#website"},"datePublished":"2024-08-28T09:09:46+00:00","dateModified":"2024-10-18T12:19:13+00:00","breadcrumb":{"@id":"https:\/\/fersisolar.com\/it\/#breadcrumb"},"inLanguage":"it-IT","potentialAction":[{"@type":"ReadAction","target":["https:\/\/fersisolar.com\/it\/"]}]},{"@type":"BreadcrumbList","@id":"https:\/\/fersisolar.com\/it\/#breadcrumb","itemListElement":[{"@type":"ListItem","position":1,"name":"Portada","item":"https:\/\/fersisolar.com\/it\/"},{"@type":"ListItem","position":2,"name":"Inizio"}]},{"@type":"WebSite","@id":"https:\/\/fersisolar.com\/#website","url":"https:\/\/fersisolar.com\/","name":"FersiSolar","description":"Ingenier\u00eda y consultor\u00eda de instalaciones solares t\u00e9rmicas y fotovoltaicas","publisher":{"@id":"https:\/\/fersisolar.com\/#organization"},"potentialAction":[{"@type":"SearchAction","target":{"@type":"EntryPoint","urlTemplate":"https:\/\/fersisolar.com\/?s={search_term_string}"},"query-input":{"@type":"PropertyValueSpecification","valueRequired":true,"valueName":"search_term_string"}}],"inLanguage":"it-IT"},{"@type":"Organization","@id":"https:\/\/fersisolar.com\/#organization","name":"FersiSolar","url":"https:\/\/fersisolar.com\/","logo":{"@type":"ImageObject","inLanguage":"it-IT","@id":"https:\/\/fersisolar.com\/#\/schema\/logo\/image\/","url":"https:\/\/fersisolar.com\/wp-content\/uploads\/2024\/08\/Logo_Fersisolar.png","contentUrl":"https:\/\/fersisolar.com\/wp-content\/uploads\/2024\/08\/Logo_Fersisolar.png","width":554,"height":100,"caption":"FersiSolar"},"image":{"@id":"https:\/\/fersisolar.com\/#\/schema\/logo\/image\/"}}]}},"_links":{"self":[{"href":"https:\/\/fersisolar.com\/it\/wp-json\/wp\/v2\/pages\/923","targetHints":{"allow":["GET"]}}],"collection":[{"href":"https:\/\/fersisolar.com\/it\/wp-json\/wp\/v2\/pages"}],"about":[{"href":"https:\/\/fersisolar.com\/it\/wp-json\/wp\/v2\/types\/page"}],"author":[{"embeddable":true,"href":"https:\/\/fersisolar.com\/it\/wp-json\/wp\/v2\/users\/1"}],"replies":[{"embeddable":true,"href":"https:\/\/fersisolar.com\/it\/wp-json\/wp\/v2\/comments?post=923"}],"version-history":[{"count":23,"href":"https:\/\/fersisolar.com\/it\/wp-json\/wp\/v2\/pages\/923\/revisions"}],"predecessor-version":[{"id":1107,"href":"https:\/\/fersisolar.com\/it\/wp-json\/wp\/v2\/pages\/923\/revisions\/1107"}],"wp:attachment":[{"href":"https:\/\/fersisolar.com\/it\/wp-json\/wp\/v2\/media?parent=923"}],"curies":[{"name":"wp","href":"https:\/\/api.w.org\/{rel}","templated":true}]}}