{"id":946,"date":"2024-09-25T09:12:25","date_gmt":"2024-09-25T07:12:25","guid":{"rendered":"https:\/\/fersisolar.com\/aviso-legal\/"},"modified":"2024-10-10T13:02:28","modified_gmt":"2024-10-10T11:02:28","slug":"legal-notice","status":"publish","type":"page","link":"https:\/\/fersisolar.com\/en\/legal-notice\/","title":{"rendered":"Legal Notice"},"content":{"rendered":"<div>\n<p><strong>RECOMENDACI\u00d3N PREVIA<\/strong><\/p>\n<p>Por favor, lea todos los apartados del presente aviso legal y nuestra pol\u00edtica de privacidad antes de utilizar este website. Las siguientes condiciones son vinculantes para cualquier usuario del mismo.<\/p>\n<p>En cumplimiento con el deber de informaci\u00f3n dispuesto en la Ley 34\/2002 de Servicios de la Sociedad de la Informaci\u00f3n y el Comercio Electr\u00f3nico (LSSI-CE) de 11 de julio, se facilitan a continuaci\u00f3n los siguientes datos de informaci\u00f3n general de este sitio web.<\/p>\n<p>La raz\u00f3n de este texto es explicarte de manera detallada las funcionalidades de esta web y aportarte toda la informaci\u00f3n relacionada con el responsable y la finalidad de los contenidos incluidos en ella.<\/p>\n<p><strong>INTRODUCCI\u00d3N; DATOS IDENTIFICATIVOS y USUARIOS<\/strong><\/p>\n<p>El presente aviso legal y pol\u00edtica de privacidad regula el uso del servicio del PORTAL de Internet www.fersisolar.com inform\u00e1ndole en cumplimiento de la Ley 34\/2002, de 11 de julio, de servicios de la sociedad de la informaci\u00f3n y de comercio electr\u00f3nico, lo siguientes:<\/p>\n<p>Denominaci\u00f3n social del responsable: FersiSolar S.L.<\/p>\n<p>CIF: B72789639 y domicilio en Avenida de Manoteras 24<\/p>\n<p>Podr\u00e1 contactar con nosotros por distintos medios: toni.fersini@fersisolar.com, tel\u00e9fono: +34 638 933 466 por los tel\u00e9fonos o direcciones de correo electr\u00f3nico de distintas \u00e1reas se\u00f1aladas en el apartado \u201ccontacto\u201d o especificadas en cada apartado de nuestro portal.<\/p>\n<p>Finalidad: FersiSolar S.L. pretende a trav\u00e9s de su portal dar a conocer su actividad, vender sus productos y servicios, ofrecer la posibilidad de ponerse en contacto, etc.<\/p>\n<p><strong>I.- CONDICIONES GENERALES DE USO DEL PORTAL<\/strong><\/p>\n<p>Le pedimos que lea cuidadosamente los t\u00e9rminos y consejos para acceder a esta direcci\u00f3n y a cualquier p\u00e1gina o link inserto en la misma. En caso de acceso usted se compromete a cumplir con los t\u00e9rminos y condiciones que aparecen a continuaci\u00f3n.<\/p>\n<p>FersiSolar S.L. se reserva el derecho a modificar unilateralmente la configuraci\u00f3n de esta p\u00e1gina o los servicios en ella prestados, en cualquier momento y sin necesidad de previo aviso. Si no estuviese de acuerdo con los siguientes t\u00e9rminos o condiciones le rogamos no acceda a esta direcci\u00f3n o a cualquier p\u00e1gina o link de la misma.<\/p>\n<p><strong>II.- COPYRIGHT. FersiSolar S.L. SE RESERVA TODOS LOS DERECHOS<\/strong><\/p>\n<p>Los logos de FersiSolar S.L. son marcas registradas e identificativas de los servicios que se prestan. Asimismo, FersiSolar S.L., puede reclamar derechos de marca registrada y marca<br \/>identificativa de servicios sobre las marcas que pertenezcan a su grupo y aparezcan en la Web Site.<\/p>\n<p><strong>III.- MARCAS REGISTRADAS<\/strong><\/p>\n<p>Los Derechos de Propiedad Intelectual de estas p\u00e1ginas, de las pantallas que muestran estas p\u00e1ginas, y de la informaci\u00f3n y material que aparecen en las mismas, as\u00ed como de su disposici\u00f3n, pertenecen a FersiSolar S.L., salvo que se indique lo contrario.<\/p>\n<p><strong>IV.- CONDICIONES DE UTILIZACION DE LA PAGINA WEB.<\/strong><\/p>\n<p>El contenido de esta p\u00e1gina Web Site est\u00e1 protegido por las leyes de propiedad intelectual. Dichos contenidos deber\u00e1n ser usados de forma correcta y l\u00edcita por el usuario y, en particular, queda obligado a utilizar dichos contenidos de forma diligente, correcta y l\u00edcita.<\/p>\n<p>No podr\u00e1n usarse los contenidos de forma contraria a la ley, a la moral o a las buenas costumbres aceptadas en orden p\u00fablico.<\/p>\n<p>Est\u00e1 prohibida la transmisi\u00f3n de cualquier tipo de datos que usted pueda realizar a esta Web Site, o a otras pertenecientes a FersiSolar S.L. cuyos links podr\u00e1 encontrar dentro de esta p\u00e1gina, que atente contra los derechos de propiedad de terceros, sean obscenos, pornogr\u00e1ficos, difamatorios, de car\u00e1cter amenazador o material que pueda ser considerado delito o falta en virtud del vigente C\u00f3digo Penal.<\/p>\n<p>Queda prohibida la reproducci\u00f3n, copia, distribuci\u00f3n, transformaci\u00f3n o modificaci\u00f3n de contenidos (textos, im\u00e1genes, voces o estructura) a menos que se cuente con la autorizaci\u00f3n expresa y por escrito del titular de los derechos adquiridos.<\/p>\n<p><strong>V.- RESPONSABILIDADES POR DA\u00d1OS Y PERJUICIOS<\/strong><\/p>\n<p>El usuario de la Web Site de FersiSolar S.L. o de cualquiera de las webs de empresas filiales ser\u00e1 responsable de los Da\u00f1os y Perjuicios que FersiSolar S.L. pueda sufrir directa o indirectamente, como consecuencia del incumplimiento de cualquiera de las obligaciones derivadas establecidas en el presente Aviso Legal.<\/p>\n<p><strong>VI.- LIMITE DE RESPONSABILIDAD<\/strong><\/p>\n<p>En ning\u00fan caso FersiSolar S.L., ni ninguna de sus filiales, ser\u00e1 responsable de alg\u00fan da\u00f1o, incluyendo sin l\u00edmite da\u00f1os, p\u00e9rdidas o gastos directos, indirectos inherentes o consecuentes que surjan en relaci\u00f3n con la utilizaci\u00f3n de esta Web Site o de los enlaces con otras p\u00e1ginas aqu\u00ed recogidas.<\/p>\n<p>En todo caso, de ser requerido por orden judicial, FersiSolar S.L. colaborar\u00e1 con las autoridades pertinentes en la identificaci\u00f3n de las personas responsables de aquellos contenidos que puedan violar la ley.<\/p>\n<p>De igual forma, FersiSolar S.L., y por ende sus filiales, eluden toda responsabilidad en los supuestos de fallo en el rendimiento, error, omisi\u00f3n, interrupci\u00f3n, defecto de demora en la operaci\u00f3n de transmisi\u00f3n, virus inform\u00e1tico, fallo del sistema o l\u00ednea, as\u00ed como en el contenido, exactitud y opiniones expresadas y otras conexiones suministradas por estos medios.<br \/>La Web Site de FersiSolar S.L. conecta con ciertos links de otras p\u00e1ginas web que pertenecen a terceros sobre los que FersiSolar S.L. no tiene control alguno. En estos supuestos FersiSolar S.L. no asume responsabilidad alguna ni compromiso sobre la informaci\u00f3n contenida en estas p\u00e1ginas.<\/p>\n<p>Documento revisado el 01\/10\/2024<\/p>\n<\/div>\n<p><!--more--><br \/>\n<!-- {\"type\":\"layout\",\"children\":[{\"type\":\"section\",\"props\":{\"image_position\":\"center-center\",\"style\":\"default\",\"title_breakpoint\":\"xl\",\"title_position\":\"top-left\",\"title_rotation\":\"left\",\"vertical_align\":\"middle\",\"width\":\"default\"},\"children\":[{\"type\":\"row\",\"children\":[{\"type\":\"column\",\"props\":{\"image_position\":\"center-center\",\"position_sticky_breakpoint\":\"m\"},\"children\":[{\"type\":\"headline\",\"props\":{\"title_element\":\"h1\"},\"source\":{\"query\":{\"name\":\"pages.singlePage\"},\"props\":{\"content\":{\"filters\":{\"search\":\"\"},\"name\":\"title\"}}}},{\"type\":\"text\",\"props\":{\"column_breakpoint\":\"m\",\"content\":\"\n\n<p><strong>RECOMENDACI\\u00d3N PREVIA<\\\/strong><br \\\/><br \\\/>Por favor, lea todos los apartados del presente aviso legal y nuestra pol\\u00edtica de privacidad antes de utilizar este website. Las siguientes condiciones son vinculantes para cualquier usuario del mismo.<br \\\/><br \\\/>En cumplimiento con el deber de informaci\\u00f3n dispuesto en la Ley 34\\\/2002 de Servicios de la Sociedad de la Informaci\\u00f3n y el Comercio Electr\\u00f3nico (LSSI-CE) de 11 de julio, se facilitan a continuaci\\u00f3n los siguientes datos de informaci\\u00f3n general de este sitio web.<br \\\/><br \\\/>La raz\\u00f3n de este texto es explicarte de manera detallada las funcionalidades de esta web y aportarte toda la informaci\\u00f3n relacionada con el responsable y la finalidad de los contenidos incluidos en ella.<br \\\/><br \\\/><strong>INTRODUCCI\\u00d3N; DATOS IDENTIFICATIVOS y USUARIOS<\\\/strong><br \\\/><br \\\/>El presente aviso legal y pol\\u00edtica de privacidad regula el uso del servicio del PORTAL de Internet www.fersisolar.com inform\\u00e1ndole en cumplimiento de la Ley 34\\\/2002, de 11 de julio, de servicios de la sociedad de la informaci\\u00f3n y de comercio electr\\u00f3nico, lo siguientes:<br \\\/><br \\\/>Denominaci\\u00f3n social del responsable: FersiSolar S.L.<br \\\/><br \\\/>CIF: B72789639 y domicilio en Avenida de Manoteras 24<br \\\/><br \\\/>Podr\\u00e1 contactar con nosotros por distintos medios: toni.fersini@fersisolar.com, tel\\u00e9fono: +34 638 933 466 por los tel\\u00e9fonos o direcciones de correo electr\\u00f3nico de distintas \\u00e1reas se\\u00f1aladas en el apartado \\u201ccontacto\\u201d o especificadas en cada apartado de nuestro portal.<br \\\/><br \\\/>Finalidad: FersiSolar S.L. pretende a trav\\u00e9s de su portal dar a conocer su actividad, vender sus productos y servicios, ofrecer la posibilidad de ponerse en contacto, etc.<br \\\/><br \\\/><strong>I.- CONDICIONES GENERALES DE USO DEL PORTAL<\\\/strong><br \\\/><br \\\/>Le pedimos que lea cuidadosamente los t\\u00e9rminos y consejos para acceder a esta direcci\\u00f3n y a cualquier p\\u00e1gina o link inserto en la misma. En caso de acceso usted se compromete a cumplir con los t\\u00e9rminos y condiciones que aparecen a continuaci\\u00f3n.<br \\\/><br \\\/>FersiSolar S.L. se reserva el derecho a modificar unilateralmente la configuraci\\u00f3n de esta p\\u00e1gina o los servicios en ella prestados, en cualquier momento y sin necesidad de previo aviso. Si no estuviese de acuerdo con los siguientes t\\u00e9rminos o condiciones le rogamos no acceda a esta direcci\\u00f3n o a cualquier p\\u00e1gina o link de la misma.<br \\\/><br \\\/><strong>II.- COPYRIGHT. FersiSolar S.L. SE RESERVA TODOS LOS DERECHOS<\\\/strong><br \\\/><br \\\/>Los logos de FersiSolar S.L. son marcas registradas e identificativas de los servicios que se prestan. Asimismo, FersiSolar S.L., puede reclamar derechos de marca registrada y marca<br \\\/>identificativa de servicios sobre las marcas que pertenezcan a su grupo y aparezcan en la Web Site.<br \\\/><br \\\/><strong>III.- MARCAS REGISTRADAS<\\\/strong><br \\\/><br \\\/>Los Derechos de Propiedad Intelectual de estas p\\u00e1ginas, de las pantallas que muestran estas p\\u00e1ginas, y de la informaci\\u00f3n y material que aparecen en las mismas, as\\u00ed como de su disposici\\u00f3n, pertenecen a FersiSolar S.L., salvo que se indique lo contrario.<br \\\/><br \\\/><strong>IV.- CONDICIONES DE UTILIZACION DE LA PAGINA WEB.<\\\/strong><br \\\/><br \\\/>El contenido de esta p\\u00e1gina Web Site est\\u00e1 protegido por las leyes de propiedad intelectual. Dichos contenidos deber\\u00e1n ser usados de forma correcta y l\\u00edcita por el usuario y, en particular, queda obligado a utilizar dichos contenidos de forma diligente, correcta y l\\u00edcita.<br \\\/><br \\\/>No podr\\u00e1n usarse los contenidos de forma contraria a la ley, a la moral o a las buenas costumbres aceptadas en orden p\\u00fablico.<br \\\/><br \\\/>Est\\u00e1 prohibida la transmisi\\u00f3n de cualquier tipo de datos que usted pueda realizar a esta Web Site, o a otras pertenecientes a FersiSolar S.L. cuyos links podr\\u00e1 encontrar dentro de esta p\\u00e1gina, que atente contra los derechos de propiedad de terceros, sean obscenos, pornogr\\u00e1ficos, difamatorios, de car\\u00e1cter amenazador o material que pueda ser considerado delito o falta en virtud del vigente C\\u00f3digo Penal.<br \\\/><br \\\/>Queda prohibida la reproducci\\u00f3n, copia, distribuci\\u00f3n, transformaci\\u00f3n o modificaci\\u00f3n de contenidos (textos, im\\u00e1genes, voces o estructura) a menos que se cuente con la autorizaci\\u00f3n expresa y por escrito del titular de los derechos adquiridos.<br \\\/><br \\\/><strong>V.- RESPONSABILIDADES POR DA\\u00d1OS Y PERJUICIOS<\\\/strong><br \\\/><br \\\/>El usuario de la Web Site de FersiSolar S.L. o de cualquiera de las webs de empresas filiales ser\\u00e1 responsable de los Da\\u00f1os y Perjuicios que FersiSolar S.L. pueda sufrir directa o indirectamente, como consecuencia del incumplimiento de cualquiera de las obligaciones derivadas establecidas en el presente Aviso Legal.<\\\/p>\\n\n\n<p><br \\\/><strong>VI.- LIMITE DE RESPONSABILIDAD<\\\/strong><br \\\/><br \\\/>En ning\\u00fan caso FersiSolar S.L., ni ninguna de sus filiales, ser\\u00e1 responsable de alg\\u00fan da\\u00f1o, incluyendo sin l\\u00edmite da\\u00f1os, p\\u00e9rdidas o gastos directos, indirectos inherentes o consecuentes que surjan en relaci\\u00f3n con la utilizaci\\u00f3n de esta Web Site o de los enlaces con otras p\\u00e1ginas aqu\\u00ed recogidas.<br \\\/><br \\\/>En todo caso, de ser requerido por orden judicial, FersiSolar S.L. colaborar\\u00e1 con las autoridades pertinentes en la identificaci\\u00f3n de las personas responsables de aquellos contenidos que puedan violar la ley.<br \\\/><br \\\/>De igual forma, FersiSolar S.L., y por ende sus filiales, eluden toda responsabilidad en los supuestos de fallo en el rendimiento, error, omisi\\u00f3n, interrupci\\u00f3n, defecto de demora en la operaci\\u00f3n de transmisi\\u00f3n, virus inform\\u00e1tico, fallo del sistema o l\\u00ednea, as\\u00ed como en el contenido, exactitud y opiniones expresadas y otras conexiones suministradas por estos medios.<br \\\/>La Web Site de FersiSolar S.L. conecta con ciertos links de otras p\\u00e1ginas web que pertenecen a terceros sobre los que FersiSolar S.L. no tiene control alguno. En estos supuestos FersiSolar S.L. no asume responsabilidad alguna ni compromiso sobre la informaci\\u00f3n contenida en estas p\\u00e1ginas.<br \\\/><br \\\/>Documento revisado el 01\\\/10\\\/2024<\\\/p>\",\"margin\":\"large\"}}]}]}]}],\"version\":\"4.4.9\"} --><\/p>\n","protected":false},"excerpt":{"rendered":"<p>RECOMENDACI\u00d3N PREVIA Por favor, lea todos los apartados del presente aviso legal y nuestra pol\u00edtica de privacidad antes de utilizar este website. Las siguientes condiciones son vinculantes para cualquier usuario del mismo. En cumplimiento con el deber de informaci\u00f3n dispuesto en la Ley 34\/2002 de Servicios de la Sociedad de la Informaci\u00f3n y el Comercio [&hellip;]<\/p>\n","protected":false},"author":1,"featured_media":0,"parent":0,"menu_order":0,"comment_status":"closed","ping_status":"closed","template":"","meta":{"footnotes":""},"class_list":["post-946","page","type-page","status-publish","hentry"],"yoast_head":"<!-- This site is optimized with the Yoast SEO plugin v27.3 - https:\/\/yoast.com\/product\/yoast-seo-wordpress\/ -->\n<title>Legal Notice - FersiSolar<\/title>\n<meta name=\"robots\" content=\"index, follow, max-snippet:-1, max-image-preview:large, max-video-preview:-1\" \/>\n<link rel=\"canonical\" href=\"https:\/\/fersisolar.com\/en\/legal-notice\/\" \/>\n<meta property=\"og:locale\" content=\"en_US\" \/>\n<meta property=\"og:type\" content=\"article\" \/>\n<meta property=\"og:title\" content=\"Legal Notice - FersiSolar\" \/>\n<meta property=\"og:description\" content=\"RECOMENDACI\u00d3N PREVIA Por favor, lea todos los apartados del presente aviso legal y nuestra pol\u00edtica de privacidad antes de utilizar este website. Las siguientes condiciones son vinculantes para cualquier usuario del mismo. En cumplimiento con el deber de informaci\u00f3n dispuesto en la Ley 34\/2002 de Servicios de la Sociedad de la Informaci\u00f3n y el Comercio [&hellip;]\" \/>\n<meta property=\"og:url\" content=\"https:\/\/fersisolar.com\/en\/legal-notice\/\" \/>\n<meta property=\"og:site_name\" content=\"FersiSolar\" \/>\n<meta property=\"article:modified_time\" content=\"2024-10-10T11:02:28+00:00\" \/>\n<meta name=\"twitter:card\" content=\"summary_large_image\" \/>\n<meta name=\"twitter:label1\" content=\"Est. reading time\" \/>\n\t<meta name=\"twitter:data1\" content=\"4 minutes\" \/>\n<script type=\"application\/ld+json\" class=\"yoast-schema-graph\">{\"@context\":\"https:\\\/\\\/schema.org\",\"@graph\":[{\"@type\":\"WebPage\",\"@id\":\"https:\\\/\\\/fersisolar.com\\\/en\\\/legal-notice\\\/\",\"url\":\"https:\\\/\\\/fersisolar.com\\\/en\\\/legal-notice\\\/\",\"name\":\"Legal Notice - FersiSolar\",\"isPartOf\":{\"@id\":\"https:\\\/\\\/fersisolar.com\\\/#website\"},\"datePublished\":\"2024-09-25T07:12:25+00:00\",\"dateModified\":\"2024-10-10T11:02:28+00:00\",\"breadcrumb\":{\"@id\":\"https:\\\/\\\/fersisolar.com\\\/en\\\/legal-notice\\\/#breadcrumb\"},\"inLanguage\":\"en-US\",\"potentialAction\":[{\"@type\":\"ReadAction\",\"target\":[\"https:\\\/\\\/fersisolar.com\\\/en\\\/legal-notice\\\/\"]}]},{\"@type\":\"BreadcrumbList\",\"@id\":\"https:\\\/\\\/fersisolar.com\\\/en\\\/legal-notice\\\/#breadcrumb\",\"itemListElement\":[{\"@type\":\"ListItem\",\"position\":1,\"name\":\"Portada\",\"item\":\"https:\\\/\\\/fersisolar.com\\\/en\\\/\"},{\"@type\":\"ListItem\",\"position\":2,\"name\":\"Legal Notice\"}]},{\"@type\":\"WebSite\",\"@id\":\"https:\\\/\\\/fersisolar.com\\\/#website\",\"url\":\"https:\\\/\\\/fersisolar.com\\\/\",\"name\":\"FersiSolar\",\"description\":\"Ingenier\u00eda y consultor\u00eda de instalaciones solares t\u00e9rmicas y fotovoltaicas\",\"publisher\":{\"@id\":\"https:\\\/\\\/fersisolar.com\\\/#organization\"},\"potentialAction\":[{\"@type\":\"SearchAction\",\"target\":{\"@type\":\"EntryPoint\",\"urlTemplate\":\"https:\\\/\\\/fersisolar.com\\\/?s={search_term_string}\"},\"query-input\":{\"@type\":\"PropertyValueSpecification\",\"valueRequired\":true,\"valueName\":\"search_term_string\"}}],\"inLanguage\":\"en-US\"},{\"@type\":\"Organization\",\"@id\":\"https:\\\/\\\/fersisolar.com\\\/#organization\",\"name\":\"FersiSolar\",\"url\":\"https:\\\/\\\/fersisolar.com\\\/\",\"logo\":{\"@type\":\"ImageObject\",\"inLanguage\":\"en-US\",\"@id\":\"https:\\\/\\\/fersisolar.com\\\/#\\\/schema\\\/logo\\\/image\\\/\",\"url\":\"https:\\\/\\\/fersisolar.com\\\/wp-content\\\/uploads\\\/2024\\\/08\\\/Logo_Fersisolar.png\",\"contentUrl\":\"https:\\\/\\\/fersisolar.com\\\/wp-content\\\/uploads\\\/2024\\\/08\\\/Logo_Fersisolar.png\",\"width\":554,\"height\":100,\"caption\":\"FersiSolar\"},\"image\":{\"@id\":\"https:\\\/\\\/fersisolar.com\\\/#\\\/schema\\\/logo\\\/image\\\/\"}}]}<\/script>\n<!-- \/ Yoast SEO plugin. -->","yoast_head_json":{"title":"Legal Notice - FersiSolar","robots":{"index":"index","follow":"follow","max-snippet":"max-snippet:-1","max-image-preview":"max-image-preview:large","max-video-preview":"max-video-preview:-1"},"canonical":"https:\/\/fersisolar.com\/en\/legal-notice\/","og_locale":"en_US","og_type":"article","og_title":"Legal Notice - FersiSolar","og_description":"RECOMENDACI\u00d3N PREVIA Por favor, lea todos los apartados del presente aviso legal y nuestra pol\u00edtica de privacidad antes de utilizar este website. Las siguientes condiciones son vinculantes para cualquier usuario del mismo. En cumplimiento con el deber de informaci\u00f3n dispuesto en la Ley 34\/2002 de Servicios de la Sociedad de la Informaci\u00f3n y el Comercio [&hellip;]","og_url":"https:\/\/fersisolar.com\/en\/legal-notice\/","og_site_name":"FersiSolar","article_modified_time":"2024-10-10T11:02:28+00:00","twitter_card":"summary_large_image","twitter_misc":{"Est. reading time":"4 minutes"},"schema":{"@context":"https:\/\/schema.org","@graph":[{"@type":"WebPage","@id":"https:\/\/fersisolar.com\/en\/legal-notice\/","url":"https:\/\/fersisolar.com\/en\/legal-notice\/","name":"Legal Notice - FersiSolar","isPartOf":{"@id":"https:\/\/fersisolar.com\/#website"},"datePublished":"2024-09-25T07:12:25+00:00","dateModified":"2024-10-10T11:02:28+00:00","breadcrumb":{"@id":"https:\/\/fersisolar.com\/en\/legal-notice\/#breadcrumb"},"inLanguage":"en-US","potentialAction":[{"@type":"ReadAction","target":["https:\/\/fersisolar.com\/en\/legal-notice\/"]}]},{"@type":"BreadcrumbList","@id":"https:\/\/fersisolar.com\/en\/legal-notice\/#breadcrumb","itemListElement":[{"@type":"ListItem","position":1,"name":"Portada","item":"https:\/\/fersisolar.com\/en\/"},{"@type":"ListItem","position":2,"name":"Legal Notice"}]},{"@type":"WebSite","@id":"https:\/\/fersisolar.com\/#website","url":"https:\/\/fersisolar.com\/","name":"FersiSolar","description":"Ingenier\u00eda y consultor\u00eda de instalaciones solares t\u00e9rmicas y fotovoltaicas","publisher":{"@id":"https:\/\/fersisolar.com\/#organization"},"potentialAction":[{"@type":"SearchAction","target":{"@type":"EntryPoint","urlTemplate":"https:\/\/fersisolar.com\/?s={search_term_string}"},"query-input":{"@type":"PropertyValueSpecification","valueRequired":true,"valueName":"search_term_string"}}],"inLanguage":"en-US"},{"@type":"Organization","@id":"https:\/\/fersisolar.com\/#organization","name":"FersiSolar","url":"https:\/\/fersisolar.com\/","logo":{"@type":"ImageObject","inLanguage":"en-US","@id":"https:\/\/fersisolar.com\/#\/schema\/logo\/image\/","url":"https:\/\/fersisolar.com\/wp-content\/uploads\/2024\/08\/Logo_Fersisolar.png","contentUrl":"https:\/\/fersisolar.com\/wp-content\/uploads\/2024\/08\/Logo_Fersisolar.png","width":554,"height":100,"caption":"FersiSolar"},"image":{"@id":"https:\/\/fersisolar.com\/#\/schema\/logo\/image\/"}}]}},"_links":{"self":[{"href":"https:\/\/fersisolar.com\/en\/wp-json\/wp\/v2\/pages\/946","targetHints":{"allow":["GET"]}}],"collection":[{"href":"https:\/\/fersisolar.com\/en\/wp-json\/wp\/v2\/pages"}],"about":[{"href":"https:\/\/fersisolar.com\/en\/wp-json\/wp\/v2\/types\/page"}],"author":[{"embeddable":true,"href":"https:\/\/fersisolar.com\/en\/wp-json\/wp\/v2\/users\/1"}],"replies":[{"embeddable":true,"href":"https:\/\/fersisolar.com\/en\/wp-json\/wp\/v2\/comments?post=946"}],"version-history":[{"count":1,"href":"https:\/\/fersisolar.com\/en\/wp-json\/wp\/v2\/pages\/946\/revisions"}],"predecessor-version":[{"id":948,"href":"https:\/\/fersisolar.com\/en\/wp-json\/wp\/v2\/pages\/946\/revisions\/948"}],"wp:attachment":[{"href":"https:\/\/fersisolar.com\/en\/wp-json\/wp\/v2\/media?parent=946"}],"curies":[{"name":"wp","href":"https:\/\/api.w.org\/{rel}","templated":true}]}}