{"id":868,"date":"2024-08-29T17:39:48","date_gmt":"2024-08-29T15:39:48","guid":{"rendered":"https:\/\/fersisolar.com\/contactanos\/"},"modified":"2024-10-11T11:51:46","modified_gmt":"2024-10-11T09:51:46","slug":"contact-us","status":"publish","type":"page","link":"https:\/\/fersisolar.com\/en\/contact-us\/","title":{"rendered":"Contact us"},"content":{"rendered":"<p><img decoding=\"async\" src=\"\/wp-content\/uploads\/2024\/08\/Sol-2.png\" alt=\"\"><\/p>\n<h1><strong>Contact<\/strong><\/h1>\n<div>\n<p><span style=\"font-weight: 400;\">Let&#8217;s talk about your project and find the solution <\/span><\/p>\n<p><span style=\"font-weight: 400;\">that best suits <\/span><span style=\"font-weight: 400;\">you and your company.<\/span><\/p>\n<\/div>\n<p>\n    <a href=\"tel:0034638933466\">+34 638 933 466<\/a>\n<\/p>\n<p>\n    <a href=\"mailto:info@fersisolar.com\">info@fersisolar.com<\/a>\n<\/p>\n<p>\n    <a href=\"tel:0034638933466\">+34 638 933 466<\/a>\n<\/p>\n<p>\n    <a href=\"mailto:info@fersisolar.com\">info@fersisolar.com<\/a>\n<\/p>\n<div>\n\n<div class=\"wpcf7 no-js\" id=\"wpcf7-f1089-o1\" lang=\"es-ES\" dir=\"ltr\" data-wpcf7-id=\"1089\">\n<div class=\"screen-reader-response\"><p role=\"status\" aria-live=\"polite\" aria-atomic=\"true\"><\/p> <ul><\/ul><\/div>\n<form action=\"\/en\/wp-json\/wp\/v2\/pages\/868#wpcf7-f1089-o1\" method=\"post\" class=\"wpcf7-form init\" aria-label=\"Formulario de contacto\" novalidate=\"novalidate\" data-status=\"init\">\n<fieldset class=\"hidden-fields-container\"><input type=\"hidden\" name=\"_wpcf7\" value=\"1089\" \/><input type=\"hidden\" name=\"_wpcf7_version\" value=\"6.1.5\" \/><input type=\"hidden\" name=\"_wpcf7_locale\" value=\"es_ES\" \/><input type=\"hidden\" name=\"_wpcf7_unit_tag\" value=\"wpcf7-f1089-o1\" \/><input type=\"hidden\" name=\"_wpcf7_container_post\" value=\"0\" \/><input type=\"hidden\" name=\"_wpcf7_posted_data_hash\" value=\"\" \/><input type=\"hidden\" name=\"_wpcf7_recaptcha_response\" value=\"\" \/>\n<\/fieldset>\n<div class=\"form-row\">\n\t<p><label><span class=\"wpcf7-form-control-wrap\" data-name=\"firstname\"><input size=\"40\" maxlength=\"400\" class=\"wpcf7-form-control wpcf7-text wpcf7-validates-as-required\" aria-required=\"true\" aria-invalid=\"false\" placeholder=\"Name\" value=\"\" type=\"text\" name=\"firstname\" \/><\/span><\/label>\n\t<\/p>\n<\/div>\n<div class=\"form-row\">\n\t<div>\n\t\t<p><label><span class=\"wpcf7-form-control-wrap\" data-name=\"company\"><input size=\"40\" maxlength=\"400\" class=\"wpcf7-form-control wpcf7-text wpcf7-validates-as-required\" aria-required=\"true\" aria-invalid=\"false\" placeholder=\"Company\" value=\"\" type=\"text\" name=\"company\" \/><\/span><\/label>\n\t\t<\/p>\n\t<\/div>\n\t<div class=\"form-row\">\n\t\t<p><label><span class=\"wpcf7-form-control-wrap\" data-name=\"email\"><input size=\"40\" maxlength=\"400\" class=\"wpcf7-form-control wpcf7-email wpcf7-validates-as-required wpcf7-text wpcf7-validates-as-email\" aria-required=\"true\" aria-invalid=\"false\" placeholder=\"Email\" value=\"\" type=\"email\" name=\"email\" \/><\/span> <\/label>\n\t\t<\/p>\n\t<\/div>\n\t<div class=\"form-row\">\n\t\t<div>\n\t\t\t<p><label><span class=\"wpcf7-form-control-wrap\" data-name=\"phone\"><input size=\"40\" maxlength=\"400\" class=\"wpcf7-form-control wpcf7-text wpcf7-validates-as-required\" aria-required=\"true\" aria-invalid=\"false\" placeholder=\"Phone\" value=\"\" type=\"text\" name=\"phone\" \/><\/span><\/label>\n\t\t\t<\/p>\n\t\t<\/div>\n\t<\/div>\n\t<p><label><span class=\"wpcf7-form-control-wrap\" data-name=\"mensaje\"><textarea cols=\"40\" rows=\"10\" maxlength=\"2000\" class=\"wpcf7-form-control wpcf7-textarea wpcf7-validates-as-required\" aria-required=\"true\" aria-invalid=\"false\" placeholder=\"Subject\" name=\"mensaje\"><\/textarea><\/span><\/label>\n\t<\/p>\n\t<div class=\"form-recaptcha\" style=\"font-size:0.8em;\">\n\t\t<p>This site is protected by reCAPTCHA and the Google Privacy Policy and Terms of Service apply. <a href=\"https:\/\/policies.google.com\/privacy\">Privacy Policy<\/a> and <a href=\"https:\/\/policies.google.com\/terms\">Terms of Service<\/a> apply.\n\t\t<\/p>\n\t<\/div>\n\t<p><span class=\"form-terms-text\"><br \/>\n<span class=\"wpcf7-form-control-wrap\" data-name=\"accept-this\"><span class=\"wpcf7-form-control wpcf7-acceptance\"><span class=\"wpcf7-list-item\"><input type=\"checkbox\" name=\"accept-this\" value=\"1\" aria-invalid=\"false\" \/><\/span><\/span><\/span> I have read and accept the privacy policy. <a href=\"\/aviso-legal\/\"><\/a> la <a href=\"\/politica-de-privacidad-y-cookies\/\"><\/a> <a href=\"\/politica-de-proteccion-de-datos\/\"><\/a><br \/>\n<\/span>\n\t<\/p>\n\t<p><input class=\"wpcf7-form-control wpcf7-submit has-spinner\" type=\"submit\" value=\"Message\" \/>\n\t<\/p>\n<\/div><div class=\"wpcf7-response-output\" aria-hidden=\"true\"><\/div>\n<\/form>\n<\/div>\n<\/div>\n<p><!--more--><br \/>\n<!-- {\"type\":\"layout\",\"children\":[{\"type\":\"section\",\"props\":{\"image_position\":\"center-center\",\"style\":\"primary\",\"title_breakpoint\":\"xl\",\"title_position\":\"top-left\",\"title_rotation\":\"left\",\"vertical_align\":\"middle\",\"width\":\"default\"},\"children\":[{\"type\":\"row\",\"children\":[{\"type\":\"column\",\"props\":{\"image_position\":\"center-center\",\"position_sticky_breakpoint\":\"m\"},\"children\":[{\"type\":\"image\",\"props\":{\"image\":\"wp-content\\\/uploads\\\/2024\\\/08\\\/Sol-2.png\",\"image_svg_color\":\"emphasis\",\"image_width\":150,\"margin\":\"default\",\"text_align\":\"center\"}},{\"type\":\"headline\",\"props\":{\"content\":\"<strong>Contact<\\\/strong>\",\"text_align\":\"left\",\"text_align_breakpoint\":\"s\",\"text_align_fallback\":\"center\",\"title_element\":\"h1\",\"title_style\":\"h1\"}},{\"type\":\"text\",\"props\":{\"column_breakpoint\":\"m\",\"content\":\"\n\n<p><span style=\\\"font-weight: 400;\\\">Let's talk about your project and find the solution <\\\/span><\\\/p>\\n\n\n<p><span style=\\\"font-weight: 400;\\\">that best suits <\\\/span><span style=\\\"font-weight: 400;\\\">you and your company.<\\\/span><\\\/p>\",\"margin\":\"default\",\"text_align\":\"left\",\"text_align_breakpoint\":\"s\",\"text_align_fallback\":\"center\"}},{\"type\":\"button\",\"props\":{\"grid_column_gap\":\"small\",\"grid_row_gap\":\"small\",\"margin\":\"default\",\"text_align\":\"center\",\"visibility\":\"hidden-s\"},\"children\":[{\"type\":\"button_item\",\"props\":{\"button_style\":\"text\",\"content\":\"+34 638 933 466\",\"icon_align\":\"left\",\"link\":\"tel:0034638933466\",\"link_target\":\"blank\"}}]},{\"type\":\"button\",\"props\":{\"grid_column_gap\":\"small\",\"grid_row_gap\":\"small\",\"margin\":\"default\",\"margin_remove_top\":false,\"text_align\":\"center\",\"visibility\":\"hidden-s\"},\"children\":[{\"type\":\"button_item\",\"props\":{\"button_style\":\"text\",\"content\":\"info@fersisolar.com\",\"icon_align\":\"left\",\"link\":\"mailto:info@fersisolar.com\",\"link_target\":\"blank\"}}]}]}]},{\"type\":\"row\",\"props\":{\"layout\":\"1-2,1-2\",\"margin\":\"large\"},\"children\":[{\"type\":\"column\",\"props\":{\"image_position\":\"center-center\",\"position_sticky_breakpoint\":\"m\",\"width_medium\":\"1-2\",\"width_small\":\"1-2\"},\"children\":[{\"type\":\"button\",\"props\":{\"grid_column_gap\":\"small\",\"grid_row_gap\":\"small\",\"margin\":\"default\",\"visibility\":\"s\"},\"children\":[{\"type\":\"button_item\",\"props\":{\"button_style\":\"text\",\"content\":\"+34 638 933 466\",\"icon_align\":\"left\",\"link\":\"tel:0034638933466\",\"link_target\":\"blank\"}}]},{\"type\":\"button\",\"props\":{\"grid_column_gap\":\"small\",\"grid_row_gap\":\"small\",\"margin\":\"default\",\"visibility\":\"s\"},\"children\":[{\"type\":\"button_item\",\"props\":{\"button_style\":\"text\",\"content\":\"info@fersisolar.com\",\"icon_align\":\"left\",\"link\":\"mailto:info@fersisolar.com\",\"link_target\":\"blank\"}}]}]},{\"type\":\"column\",\"props\":{\"image_position\":\"center-center\",\"position_sticky_breakpoint\":\"m\",\"width_medium\":\"1-2\",\"width_small\":\"1-2\"},\"children\":[{\"type\":\"html\",\"props\":{\"content\":\"[contact-form-7 id=\\\"4b43df4\\\" title=\\\"Formulario de contacto_EN\\\"]\"}}]}]},{\"type\":\"row\",\"children\":[{\"type\":\"column\",\"props\":{\"image_position\":\"center-center\",\"position_sticky_breakpoint\":\"m\"}}]}]}],\"version\":\"4.4.10\"} --><\/p>\n","protected":false},"excerpt":{"rendered":"<p>Contact Let&#8217;s talk about your project and find the solution that best suits you and your company. +34 638 933 466 info@fersisolar.com +34 638 933 466 info@fersisolar.com<\/p>\n","protected":false},"author":1,"featured_media":0,"parent":0,"menu_order":0,"comment_status":"closed","ping_status":"closed","template":"","meta":{"footnotes":""},"class_list":["post-868","page","type-page","status-publish","hentry"],"yoast_head":"<!-- This site is optimized with the Yoast SEO plugin v27.3 - https:\/\/yoast.com\/product\/yoast-seo-wordpress\/ -->\n<title>Contact us - FersiSolar<\/title>\n<meta name=\"robots\" content=\"index, follow, max-snippet:-1, max-image-preview:large, max-video-preview:-1\" \/>\n<link rel=\"canonical\" href=\"https:\/\/fersisolar.com\/en\/contact-us\/\" \/>\n<meta property=\"og:locale\" content=\"en_US\" \/>\n<meta property=\"og:type\" content=\"article\" \/>\n<meta property=\"og:title\" content=\"Contact us - FersiSolar\" \/>\n<meta property=\"og:description\" content=\"Contact Let&#8217;s talk about your project and find the solution that best suits you and your company. +34 638 933 466 info@fersisolar.com +34 638 933 466 info@fersisolar.com\" \/>\n<meta property=\"og:url\" content=\"https:\/\/fersisolar.com\/en\/contact-us\/\" \/>\n<meta property=\"og:site_name\" content=\"FersiSolar\" \/>\n<meta property=\"article:modified_time\" content=\"2024-10-11T09:51:46+00:00\" \/>\n<meta name=\"twitter:card\" content=\"summary_large_image\" \/>\n<meta name=\"twitter:label1\" content=\"Est. reading time\" \/>\n\t<meta name=\"twitter:data1\" content=\"1 minute\" \/>\n<script type=\"application\/ld+json\" class=\"yoast-schema-graph\">{\"@context\":\"https:\\\/\\\/schema.org\",\"@graph\":[{\"@type\":\"WebPage\",\"@id\":\"https:\\\/\\\/fersisolar.com\\\/en\\\/contact-us\\\/\",\"url\":\"https:\\\/\\\/fersisolar.com\\\/en\\\/contact-us\\\/\",\"name\":\"Contact us - FersiSolar\",\"isPartOf\":{\"@id\":\"https:\\\/\\\/fersisolar.com\\\/#website\"},\"datePublished\":\"2024-08-29T15:39:48+00:00\",\"dateModified\":\"2024-10-11T09:51:46+00:00\",\"breadcrumb\":{\"@id\":\"https:\\\/\\\/fersisolar.com\\\/en\\\/contact-us\\\/#breadcrumb\"},\"inLanguage\":\"en-US\",\"potentialAction\":[{\"@type\":\"ReadAction\",\"target\":[\"https:\\\/\\\/fersisolar.com\\\/en\\\/contact-us\\\/\"]}]},{\"@type\":\"BreadcrumbList\",\"@id\":\"https:\\\/\\\/fersisolar.com\\\/en\\\/contact-us\\\/#breadcrumb\",\"itemListElement\":[{\"@type\":\"ListItem\",\"position\":1,\"name\":\"Portada\",\"item\":\"https:\\\/\\\/fersisolar.com\\\/en\\\/\"},{\"@type\":\"ListItem\",\"position\":2,\"name\":\"Contact us\"}]},{\"@type\":\"WebSite\",\"@id\":\"https:\\\/\\\/fersisolar.com\\\/#website\",\"url\":\"https:\\\/\\\/fersisolar.com\\\/\",\"name\":\"FersiSolar\",\"description\":\"Ingenier\u00eda y consultor\u00eda de instalaciones solares t\u00e9rmicas y fotovoltaicas\",\"publisher\":{\"@id\":\"https:\\\/\\\/fersisolar.com\\\/#organization\"},\"potentialAction\":[{\"@type\":\"SearchAction\",\"target\":{\"@type\":\"EntryPoint\",\"urlTemplate\":\"https:\\\/\\\/fersisolar.com\\\/?s={search_term_string}\"},\"query-input\":{\"@type\":\"PropertyValueSpecification\",\"valueRequired\":true,\"valueName\":\"search_term_string\"}}],\"inLanguage\":\"en-US\"},{\"@type\":\"Organization\",\"@id\":\"https:\\\/\\\/fersisolar.com\\\/#organization\",\"name\":\"FersiSolar\",\"url\":\"https:\\\/\\\/fersisolar.com\\\/\",\"logo\":{\"@type\":\"ImageObject\",\"inLanguage\":\"en-US\",\"@id\":\"https:\\\/\\\/fersisolar.com\\\/#\\\/schema\\\/logo\\\/image\\\/\",\"url\":\"https:\\\/\\\/fersisolar.com\\\/wp-content\\\/uploads\\\/2024\\\/08\\\/Logo_Fersisolar.png\",\"contentUrl\":\"https:\\\/\\\/fersisolar.com\\\/wp-content\\\/uploads\\\/2024\\\/08\\\/Logo_Fersisolar.png\",\"width\":554,\"height\":100,\"caption\":\"FersiSolar\"},\"image\":{\"@id\":\"https:\\\/\\\/fersisolar.com\\\/#\\\/schema\\\/logo\\\/image\\\/\"}}]}<\/script>\n<!-- \/ Yoast SEO plugin. -->","yoast_head_json":{"title":"Contact us - FersiSolar","robots":{"index":"index","follow":"follow","max-snippet":"max-snippet:-1","max-image-preview":"max-image-preview:large","max-video-preview":"max-video-preview:-1"},"canonical":"https:\/\/fersisolar.com\/en\/contact-us\/","og_locale":"en_US","og_type":"article","og_title":"Contact us - FersiSolar","og_description":"Contact Let&#8217;s talk about your project and find the solution that best suits you and your company. +34 638 933 466 info@fersisolar.com +34 638 933 466 info@fersisolar.com","og_url":"https:\/\/fersisolar.com\/en\/contact-us\/","og_site_name":"FersiSolar","article_modified_time":"2024-10-11T09:51:46+00:00","twitter_card":"summary_large_image","twitter_misc":{"Est. reading time":"1 minute"},"schema":{"@context":"https:\/\/schema.org","@graph":[{"@type":"WebPage","@id":"https:\/\/fersisolar.com\/en\/contact-us\/","url":"https:\/\/fersisolar.com\/en\/contact-us\/","name":"Contact us - FersiSolar","isPartOf":{"@id":"https:\/\/fersisolar.com\/#website"},"datePublished":"2024-08-29T15:39:48+00:00","dateModified":"2024-10-11T09:51:46+00:00","breadcrumb":{"@id":"https:\/\/fersisolar.com\/en\/contact-us\/#breadcrumb"},"inLanguage":"en-US","potentialAction":[{"@type":"ReadAction","target":["https:\/\/fersisolar.com\/en\/contact-us\/"]}]},{"@type":"BreadcrumbList","@id":"https:\/\/fersisolar.com\/en\/contact-us\/#breadcrumb","itemListElement":[{"@type":"ListItem","position":1,"name":"Portada","item":"https:\/\/fersisolar.com\/en\/"},{"@type":"ListItem","position":2,"name":"Contact us"}]},{"@type":"WebSite","@id":"https:\/\/fersisolar.com\/#website","url":"https:\/\/fersisolar.com\/","name":"FersiSolar","description":"Ingenier\u00eda y consultor\u00eda de instalaciones solares t\u00e9rmicas y fotovoltaicas","publisher":{"@id":"https:\/\/fersisolar.com\/#organization"},"potentialAction":[{"@type":"SearchAction","target":{"@type":"EntryPoint","urlTemplate":"https:\/\/fersisolar.com\/?s={search_term_string}"},"query-input":{"@type":"PropertyValueSpecification","valueRequired":true,"valueName":"search_term_string"}}],"inLanguage":"en-US"},{"@type":"Organization","@id":"https:\/\/fersisolar.com\/#organization","name":"FersiSolar","url":"https:\/\/fersisolar.com\/","logo":{"@type":"ImageObject","inLanguage":"en-US","@id":"https:\/\/fersisolar.com\/#\/schema\/logo\/image\/","url":"https:\/\/fersisolar.com\/wp-content\/uploads\/2024\/08\/Logo_Fersisolar.png","contentUrl":"https:\/\/fersisolar.com\/wp-content\/uploads\/2024\/08\/Logo_Fersisolar.png","width":554,"height":100,"caption":"FersiSolar"},"image":{"@id":"https:\/\/fersisolar.com\/#\/schema\/logo\/image\/"}}]}},"_links":{"self":[{"href":"https:\/\/fersisolar.com\/en\/wp-json\/wp\/v2\/pages\/868","targetHints":{"allow":["GET"]}}],"collection":[{"href":"https:\/\/fersisolar.com\/en\/wp-json\/wp\/v2\/pages"}],"about":[{"href":"https:\/\/fersisolar.com\/en\/wp-json\/wp\/v2\/types\/page"}],"author":[{"embeddable":true,"href":"https:\/\/fersisolar.com\/en\/wp-json\/wp\/v2\/users\/1"}],"replies":[{"embeddable":true,"href":"https:\/\/fersisolar.com\/en\/wp-json\/wp\/v2\/comments?post=868"}],"version-history":[{"count":5,"href":"https:\/\/fersisolar.com\/en\/wp-json\/wp\/v2\/pages\/868\/revisions"}],"predecessor-version":[{"id":1090,"href":"https:\/\/fersisolar.com\/en\/wp-json\/wp\/v2\/pages\/868\/revisions\/1090"}],"wp:attachment":[{"href":"https:\/\/fersisolar.com\/en\/wp-json\/wp\/v2\/media?parent=868"}],"curies":[{"name":"wp","href":"https:\/\/api.w.org\/{rel}","templated":true}]}}