{"id":772,"date":"2024-08-29T17:38:46","date_gmt":"2024-08-29T15:38:46","guid":{"rendered":"https:\/\/fersisolar.com\/quienes-somos\/"},"modified":"2024-10-08T12:50:03","modified_gmt":"2024-10-08T10:50:03","slug":"who-we-are","status":"publish","type":"page","link":"https:\/\/fersisolar.com\/en\/who-we-are\/","title":{"rendered":"Who we are"},"content":{"rendered":"<p><img decoding=\"async\" src=\"\/wp-content\/uploads\/2024\/08\/img-quienes-1.png\" alt=\"\"><br \/>\n<img decoding=\"async\" src=\"\/wp-content\/uploads\/2024\/09\/Quienes_somos_Fersisolar.png\" alt=\"\"><\/p>\n<h1>\n<p><strong>FersiSolar was born after a long professional career of its founders at an international level in the concentrated solar sector using different technologies.<\/strong><\/p>\n<\/h1>\n<div>\n<p><span style=\"font-weight: 400;\">The objective is to make all this experience available to Asset Owners, Investment Funds and Financial Institutions.<\/span><\/p>\n<p><span style=\"font-weight: 400;\">We rely on three main pillars:<\/span><\/p>\n<\/div>\n<ul>\n<li>\n<p><img decoding=\"async\" src=\"\/wp-content\/uploads\/2024\/08\/icono-asesoramiento.png\" alt=\"\"><\/p>\n<h2><strong>Advice to O&#038;M companies of  <br \/> CSP plants.<\/strong><\/h2>\n<\/li>\n<li>\n<p><img decoding=\"async\" src=\"\/wp-content\/uploads\/2024\/08\/icono-consultoria.png\" alt=\"\"><\/p>\n<h2><strong>Engineering and consultancy  <br \/>  for solar thermal  <br \/>power plants.<\/strong><\/h2>\n<\/li>\n<li>\n<p><img decoding=\"async\" src=\"\/wp-content\/uploads\/2024\/08\/icono-soluciones.png\" alt=\"\"><\/p>\n<h2><strong>Solutions for the supply of <br \/>  steam from renewable sources as a service <\/strong><\/h2>\n<\/li>\n<\/ul>\n<h2>Vision<\/h2>\n<div>\n<p><span style=\"font-weight: 400;\">FersiSolar aims to be a reference in the energy transition, helping to achieve total independence from fossil fuel consumption. To this end, FersiSolar offers 100% renewable solutions thanks to the experience combined with the commitment of its team.<\/span><\/p>\n<\/div>\n<p><img decoding=\"async\" src=\"\/wp-content\/uploads\/2024\/08\/img-quienes-2.png\" alt=\"\"><br \/>\n<img decoding=\"async\" src=\"\/wp-content\/uploads\/2024\/08\/img-quienes-3.png\" alt=\"\"><\/p>\n<h2><span style=\"font-weight: 400;\">Mission<\/span><\/h2>\n<div>\n<p><span style=\"font-weight: 400;\">Our mission is to offer innovative renewable solutions to the medium and large-scale industry, advising at all stages of development, engineering, construction and operation of energy facilities.<\/span><span style=\"font-weight: 400;\">We are committed to providing 100% renewable thermal energy, including its storage, to contribute to industrial decarbonisation and ensure the satisfaction of our customers.<\/span><\/p>\n<\/div>\n<p><img decoding=\"async\" src=\"\/wp-content\/uploads\/2024\/08\/img-quienes-3.png\" alt=\"\"><\/p>\n<h2><span style=\"font-weight: 400;\">Our Values<\/span><\/h2>\n<div>\n<p><span style=\"font-weight: 400;\">FersiSolar aspires to the highest ethical standards and maintains an honest, open and transparent culture. We are here to change the world towards a more sustainable future.<\/span><\/p>\n<p><span style=\"font-weight: 400;\">The safety and quality of our environment is our priority and to do so we aim to offer products and services that aim for excellence.<\/span><\/p>\n<\/div>\n<p><img decoding=\"async\" src=\"\/wp-content\/uploads\/2024\/08\/img-quienes-4.png\" alt=\"\"><\/p>\n<p>\n    <a href=\"\/en\/products-and-services\/\">Learn about our products and services<\/a>\n<\/p>\n<p>\n    <a href=\"\/en\/products-and-services\/\">PRODUCTS AND SERVICES<\/a>\n<\/p>\n<p><!--more--><br \/>\n<!-- {\"type\":\"layout\",\"children\":[{\"type\":\"section\",\"props\":{\"image_position\":\"center-center\",\"padding\":\"none\",\"style\":\"default\",\"title_breakpoint\":\"xl\",\"title_position\":\"top-left\",\"title_rotation\":\"left\",\"vertical_align\":\"middle\",\"width\":\"\"},\"children\":[{\"type\":\"row\",\"children\":[{\"type\":\"column\",\"props\":{\"image_position\":\"center-center\",\"position_sticky_breakpoint\":\"m\"},\"children\":[{\"type\":\"image\",\"props\":{\"image\":\"wp-content\\\/uploads\\\/2024\\\/08\\\/img-quienes-1.png\",\"image_svg_color\":\"emphasis\",\"margin\":\"remove-vertical\",\"visibility\":\"s\"}}]}]}],\"name\":\"foto cielo\"},{\"type\":\"section\",\"props\":{\"height\":\"pixels\",\"height_viewport\":200,\"image_position\":\"center-center\",\"image_size\":\"cover\",\"padding\":\"none\",\"style\":\"default\",\"title_breakpoint\":\"xl\",\"title_position\":\"top-left\",\"title_rotation\":\"left\",\"vertical_align\":\"middle\",\"width\":\"\"},\"children\":[{\"type\":\"row\",\"children\":[{\"type\":\"column\",\"props\":{\"image_position\":\"center-center\",\"position_sticky_breakpoint\":\"m\"},\"children\":[{\"type\":\"image\",\"props\":{\"image\":\"wp-content\\\/uploads\\\/2024\\\/09\\\/Quienes_somos_Fersisolar.png\",\"image_svg_color\":\"emphasis\",\"image_width\":700,\"margin\":\"default\",\"visibility\":\"hidden-s\"}}]}]}]},{\"type\":\"section\",\"props\":{\"image_position\":\"center-center\",\"style\":\"primary\",\"title_breakpoint\":\"xl\",\"title_position\":\"top-left\",\"title_rotation\":\"left\",\"vertical_align\":\"middle\",\"width\":\"default\"},\"children\":[{\"type\":\"row\",\"children\":[{\"type\":\"column\",\"props\":{\"image_position\":\"center-center\",\"position_sticky_breakpoint\":\"m\"},\"children\":[{\"type\":\"headline\",\"props\":{\"block_align\":\"center\",\"content\":\"\n\n<p><strong>FersiSolar was born after a long professional career of its founders at an international level in the concentrated solar sector using different technologies.<\\\/strong><\\\/p>\",\"maxwidth\":\"2xlarge\",\"maxwidth_breakpoint\":\"m\",\"text_align\":\"left\",\"text_align_breakpoint\":\"m\",\"text_align_fallback\":\"center\",\"title_color\":\"primary\",\"title_element\":\"h1\",\"title_style\":\"h1\"}}]}]}],\"name\":\"texto h1\"},{\"type\":\"section\",\"props\":{\"image_position\":\"center-center\",\"preserve_color\":true,\"style\":\"secondary\",\"title_breakpoint\":\"xl\",\"title_position\":\"top-left\",\"title_rotation\":\"left\",\"vertical_align\":\"middle\",\"width\":\"default\"},\"children\":[{\"type\":\"row\",\"children\":[{\"type\":\"column\",\"props\":{\"image_position\":\"center-center\",\"position_sticky_breakpoint\":\"m\"},\"children\":[{\"type\":\"text\",\"props\":{\"block_align\":\"center\",\"column_breakpoint\":\"m\",\"content\":\"\n\n<p><span style=\\\"font-weight: 400;\\\">The objective is to make all this experience available to Asset Owners, Investment Funds and Financial Institutions.<\\\/span><br \\\/><br \\\/><br \\\/><span style=\\\"font-weight: 400;\\\">We rely on three main pillars:<\\\/span><\\\/p>\",\"margin\":\"large\",\"maxwidth\":\"xlarge\",\"text_align\":\"center\"}},{\"type\":\"panel-slider\",\"props\":{\"content_column_breakpoint\":\"m\",\"icon_width\":\"\",\"image_align\":\"top\",\"image_grid_breakpoint\":\"m\",\"image_grid_width\":\"1-2\",\"image_svg_color\":\"emphasis\",\"image_width\":\"50\",\"link_style\":\"default\",\"link_text\":\"Read more\",\"margin\":\"default\",\"meta_align\":\"below-title\",\"meta_element\":\"div\",\"meta_style\":\"text-meta\",\"nav\":\"\",\"nav_align\":\"center\",\"nav_breakpoint\":\"s\",\"panel_match\":true,\"show_content\":true,\"show_image\":true,\"show_link\":true,\"show_meta\":true,\"show_title\":true,\"slidenav\":\"\",\"slidenav_breakpoint\":\"xl\",\"slidenav_margin\":\"medium\",\"slidenav_outside_breakpoint\":\"xl\",\"slider_autoplay\":true,\"slider_autoplay_pause\":true,\"slider_gap\":\"large\",\"slider_width\":\"fixed\",\"slider_width_default\":\"1-1\",\"slider_width_medium\":\"1-3\",\"slider_width_small\":\"1-3\",\"text_align\":\"center\",\"title_align\":\"top\",\"title_element\":\"h2\",\"title_grid_breakpoint\":\"m\",\"title_grid_width\":\"1-2\",\"title_hover_style\":\"reset\",\"title_style\":\"h2\"},\"children\":[{\"type\":\"panel-slider_item\",\"props\":{\"image\":\"wp-content\\\/uploads\\\/2024\\\/08\\\/icono-asesoramiento.png\",\"title\":\"<strong>Advice to O&M companies of  <br \/> CSP plants.<\\\/strong>\"}},{\"type\":\"panel-slider_item\",\"props\":{\"image\":\"wp-content\\\/uploads\\\/2024\\\/08\\\/icono-consultoria.png\",\"title\":\"<strong>Engineering and consultancy  <br \/>  for solar thermal  <br \/>power plants.<\\\/strong>\"}},{\"type\":\"panel-slider_item\",\"props\":{\"image\":\"wp-content\\\/uploads\\\/2024\\\/08\\\/icono-soluciones.png\",\"title\":\"<strong>Solutions for the supply of <br \/>  steam from renewable sources as a service <\\\/strong>\"}}]}]}]}],\"name\":\"pilares\"},{\"type\":\"section\",\"props\":{\"image_position\":\"center-center\",\"style\":\"default\",\"title_breakpoint\":\"xl\",\"title_position\":\"top-left\",\"title_rotation\":\"left\",\"vertical_align\":\"middle\",\"width\":\"default\"},\"children\":[{\"type\":\"row\",\"props\":{\"column_gap\":\"large\",\"layout\":\"1-2,1-2\"},\"children\":[{\"type\":\"column\",\"props\":{\"image_position\":\"center-center\",\"position_sticky_breakpoint\":\"m\",\"vertical_align\":\"middle\",\"width_medium\":\"1-2\",\"width_small\":\"1-2\"},\"children\":[{\"type\":\"headline\",\"props\":{\"content\":\"Vision\",\"text_align\":\"left\",\"text_align_breakpoint\":\"s\",\"text_align_fallback\":\"center\",\"title_element\":\"h2\",\"title_style\":\"h1\"}},{\"type\":\"text\",\"props\":{\"column_breakpoint\":\"m\",\"content\":\"\n\n<p><span style=\\\"font-weight: 400;\\\">FersiSolar aims to be a reference in the energy transition, helping to achieve total independence from fossil fuel consumption. To this end, FersiSolar offers 100% renewable solutions thanks to the experience combined with the commitment of its team.<\\\/span><\\\/p>\",\"margin\":\"default\",\"maxwidth\":\"large\",\"text_align\":\"left\",\"text_align_breakpoint\":\"s\",\"text_align_fallback\":\"center\"}}]},{\"type\":\"column\",\"props\":{\"image_position\":\"center-center\",\"position_sticky_breakpoint\":\"m\",\"width_medium\":\"1-2\",\"width_small\":\"1-2\"},\"children\":[{\"type\":\"image\",\"props\":{\"image\":\"wp-content\\\/uploads\\\/2024\\\/08\\\/img-quienes-2.png\",\"image_svg_color\":\"emphasis\",\"margin\":\"default\",\"text_align\":\"right\"}}]}]},{\"type\":\"row\",\"props\":{\"column_gap\":\"large\",\"layout\":\"1-2,1-2\"},\"children\":[{\"type\":\"column\",\"props\":{\"image_position\":\"center-center\",\"position_sticky_breakpoint\":\"m\",\"width_medium\":\"1-2\",\"width_small\":\"1-2\"},\"children\":[{\"type\":\"image\",\"props\":{\"image\":\"wp-content\\\/uploads\\\/2024\\\/08\\\/img-quienes-3.png\",\"image_svg_color\":\"emphasis\",\"margin\":\"default\",\"text_align\":\"right\",\"visibility\":\"s\"}}]},{\"type\":\"column\",\"props\":{\"image_position\":\"center-center\",\"position_sticky_breakpoint\":\"m\",\"vertical_align\":\"middle\",\"width_medium\":\"1-2\",\"width_small\":\"1-2\"},\"children\":[{\"type\":\"headline\",\"props\":{\"content\":\"<span style=\\\"font-weight: 400;\\\">Mission<\\\/span>\",\"text_align\":\"left\",\"text_align_breakpoint\":\"s\",\"text_align_fallback\":\"center\",\"title_element\":\"h2\",\"title_style\":\"h1\"}},{\"type\":\"text\",\"props\":{\"column_breakpoint\":\"m\",\"content\":\"\n\n<p><span style=\\\"font-weight: 400;\\\">Our mission is to offer innovative renewable solutions to the medium and large-scale industry, advising at all stages of development, engineering, construction and operation of energy facilities.<\\\/span><span style=\\\"font-weight: 400;\\\">We are committed to providing 100% renewable thermal energy, including its storage, to contribute to industrial decarbonisation and ensure the satisfaction of our customers.<\\\/span><\\\/p>\",\"margin\":\"default\",\"maxwidth\":\"large\",\"text_align\":\"left\",\"text_align_breakpoint\":\"s\",\"text_align_fallback\":\"center\"}},{\"type\":\"image\",\"props\":{\"image\":\"wp-content\\\/uploads\\\/2024\\\/08\\\/img-quienes-3.png\",\"image_svg_color\":\"emphasis\",\"margin\":\"default\",\"text_align\":\"right\",\"visibility\":\"hidden-s\"}}]}]},{\"type\":\"row\",\"props\":{\"column_gap\":\"large\",\"layout\":\"1-2,1-2\"},\"children\":[{\"type\":\"column\",\"props\":{\"image_position\":\"center-center\",\"position_sticky_breakpoint\":\"m\",\"vertical_align\":\"middle\",\"width_medium\":\"1-2\",\"width_small\":\"1-2\"},\"children\":[{\"type\":\"headline\",\"props\":{\"content\":\"<span style=\\\"font-weight: 400;\\\">Our Values<\\\/span>\",\"text_align\":\"left\",\"text_align_breakpoint\":\"s\",\"text_align_fallback\":\"center\",\"title_element\":\"h2\",\"title_style\":\"h1\"}},{\"type\":\"text\",\"props\":{\"column_breakpoint\":\"m\",\"content\":\"\n\n<p><span style=\\\"font-weight: 400;\\\">FersiSolar aspires to the highest ethical standards and maintains an honest, open and transparent culture. We are here to change the world towards a more sustainable future.<\\\/span><\\\/p>\\n\n\n<p><span style=\\\"font-weight: 400;\\\">The safety and quality of our environment is our priority and to do so we aim to offer products and services that aim for excellence.<\\\/span><\\\/p>\",\"margin\":\"default\",\"maxwidth\":\"large\",\"text_align\":\"left\",\"text_align_breakpoint\":\"s\",\"text_align_fallback\":\"center\"}}]},{\"type\":\"column\",\"props\":{\"image_position\":\"center-center\",\"position_sticky_breakpoint\":\"m\",\"width_medium\":\"1-2\",\"width_small\":\"1-2\"},\"children\":[{\"type\":\"image\",\"props\":{\"image\":\"wp-content\\\/uploads\\\/2024\\\/08\\\/img-quienes-4.png\",\"image_svg_color\":\"emphasis\",\"margin\":\"default\",\"text_align\":\"right\"}}]}]}],\"name\":\"AMPLIA GAMA DE SERVICIOS\"},{\"type\":\"section\",\"props\":{\"height\":\"pixels\",\"height_viewport\":300,\"image\":\"wp-content\\\/uploads\\\/2024\\\/08\\\/img-quienes-5.png\",\"image_position\":\"center-center\",\"image_size\":\"cover\",\"style\":\"default\",\"title_breakpoint\":\"xl\",\"title_position\":\"top-left\",\"title_rotation\":\"left\",\"vertical_align\":\"middle\",\"width\":\"default\"},\"children\":[{\"type\":\"row\",\"children\":[{\"type\":\"column\",\"props\":{\"image_position\":\"center-center\",\"position_sticky_breakpoint\":\"m\"},\"children\":[{\"type\":\"button\",\"props\":{\"grid_column_gap\":\"small\",\"grid_row_gap\":\"small\",\"margin\":\"default\",\"text_align\":\"center\",\"visibility\":\"s\"},\"children\":[{\"type\":\"button_item\",\"props\":{\"button_style\":\"default\",\"content\":\"Learn about our products and services\",\"icon_align\":\"left\",\"link\":\"en\\\/products-and-services\\\/\"}}]},{\"type\":\"button\",\"props\":{\"grid_column_gap\":\"small\",\"grid_row_gap\":\"small\",\"margin\":\"default\",\"text_align\":\"center\",\"visibility\":\"hidden-s\"},\"children\":[{\"type\":\"button_item\",\"props\":{\"button_style\":\"default\",\"content\":\"PRODUCTS AND SERVICES\",\"icon_align\":\"left\",\"link\":\"en\\\/products-and-services\\\/\"}}]}]}]}]}],\"version\":\"4.4.9\"} --><\/p>\n","protected":false},"excerpt":{"rendered":"<p>FersiSolar was born after a long professional career of its founders at an international level in the concentrated solar sector using different technologies. The objective is to make all this experience available to Asset Owners, Investment Funds and Financial Institutions. We rely on three main pillars: Advice to O&#038;M companies of CSP plants. Engineering and [&hellip;]<\/p>\n","protected":false},"author":1,"featured_media":0,"parent":0,"menu_order":0,"comment_status":"closed","ping_status":"closed","template":"","meta":{"footnotes":""},"class_list":["post-772","page","type-page","status-publish","hentry"],"yoast_head":"<!-- This site is optimized with the Yoast SEO plugin v27.3 - https:\/\/yoast.com\/product\/yoast-seo-wordpress\/ -->\n<title>Who we are - FersiSolar<\/title>\n<meta name=\"robots\" content=\"index, follow, max-snippet:-1, max-image-preview:large, max-video-preview:-1\" \/>\n<link rel=\"canonical\" href=\"https:\/\/fersisolar.com\/en\/who-we-are\/\" \/>\n<meta property=\"og:locale\" content=\"en_US\" \/>\n<meta property=\"og:type\" content=\"article\" \/>\n<meta property=\"og:title\" content=\"Who we are - FersiSolar\" \/>\n<meta property=\"og:description\" content=\"FersiSolar was born after a long professional career of its founders at an international level in the concentrated solar sector using different technologies. The objective is to make all this experience available to Asset Owners, Investment Funds and Financial Institutions. We rely on three main pillars: Advice to O&#038;M companies of CSP plants. Engineering and [&hellip;]\" \/>\n<meta property=\"og:url\" content=\"https:\/\/fersisolar.com\/en\/who-we-are\/\" \/>\n<meta property=\"og:site_name\" content=\"FersiSolar\" \/>\n<meta property=\"article:modified_time\" content=\"2024-10-08T10:50:03+00:00\" \/>\n<meta name=\"twitter:card\" content=\"summary_large_image\" \/>\n<meta name=\"twitter:label1\" content=\"Est. reading time\" \/>\n\t<meta name=\"twitter:data1\" content=\"1 minute\" \/>\n<script type=\"application\/ld+json\" class=\"yoast-schema-graph\">{\"@context\":\"https:\\\/\\\/schema.org\",\"@graph\":[{\"@type\":\"WebPage\",\"@id\":\"https:\\\/\\\/fersisolar.com\\\/en\\\/who-we-are\\\/\",\"url\":\"https:\\\/\\\/fersisolar.com\\\/en\\\/who-we-are\\\/\",\"name\":\"Who we are - FersiSolar\",\"isPartOf\":{\"@id\":\"https:\\\/\\\/fersisolar.com\\\/#website\"},\"datePublished\":\"2024-08-29T15:38:46+00:00\",\"dateModified\":\"2024-10-08T10:50:03+00:00\",\"breadcrumb\":{\"@id\":\"https:\\\/\\\/fersisolar.com\\\/en\\\/who-we-are\\\/#breadcrumb\"},\"inLanguage\":\"en-US\",\"potentialAction\":[{\"@type\":\"ReadAction\",\"target\":[\"https:\\\/\\\/fersisolar.com\\\/en\\\/who-we-are\\\/\"]}]},{\"@type\":\"BreadcrumbList\",\"@id\":\"https:\\\/\\\/fersisolar.com\\\/en\\\/who-we-are\\\/#breadcrumb\",\"itemListElement\":[{\"@type\":\"ListItem\",\"position\":1,\"name\":\"Portada\",\"item\":\"https:\\\/\\\/fersisolar.com\\\/en\\\/\"},{\"@type\":\"ListItem\",\"position\":2,\"name\":\"Who we are\"}]},{\"@type\":\"WebSite\",\"@id\":\"https:\\\/\\\/fersisolar.com\\\/#website\",\"url\":\"https:\\\/\\\/fersisolar.com\\\/\",\"name\":\"FersiSolar\",\"description\":\"Ingenier\u00eda y consultor\u00eda de instalaciones solares t\u00e9rmicas y fotovoltaicas\",\"publisher\":{\"@id\":\"https:\\\/\\\/fersisolar.com\\\/#organization\"},\"potentialAction\":[{\"@type\":\"SearchAction\",\"target\":{\"@type\":\"EntryPoint\",\"urlTemplate\":\"https:\\\/\\\/fersisolar.com\\\/?s={search_term_string}\"},\"query-input\":{\"@type\":\"PropertyValueSpecification\",\"valueRequired\":true,\"valueName\":\"search_term_string\"}}],\"inLanguage\":\"en-US\"},{\"@type\":\"Organization\",\"@id\":\"https:\\\/\\\/fersisolar.com\\\/#organization\",\"name\":\"FersiSolar\",\"url\":\"https:\\\/\\\/fersisolar.com\\\/\",\"logo\":{\"@type\":\"ImageObject\",\"inLanguage\":\"en-US\",\"@id\":\"https:\\\/\\\/fersisolar.com\\\/#\\\/schema\\\/logo\\\/image\\\/\",\"url\":\"https:\\\/\\\/fersisolar.com\\\/wp-content\\\/uploads\\\/2024\\\/08\\\/Logo_Fersisolar.png\",\"contentUrl\":\"https:\\\/\\\/fersisolar.com\\\/wp-content\\\/uploads\\\/2024\\\/08\\\/Logo_Fersisolar.png\",\"width\":554,\"height\":100,\"caption\":\"FersiSolar\"},\"image\":{\"@id\":\"https:\\\/\\\/fersisolar.com\\\/#\\\/schema\\\/logo\\\/image\\\/\"}}]}<\/script>\n<!-- \/ Yoast SEO plugin. -->","yoast_head_json":{"title":"Who we are - FersiSolar","robots":{"index":"index","follow":"follow","max-snippet":"max-snippet:-1","max-image-preview":"max-image-preview:large","max-video-preview":"max-video-preview:-1"},"canonical":"https:\/\/fersisolar.com\/en\/who-we-are\/","og_locale":"en_US","og_type":"article","og_title":"Who we are - FersiSolar","og_description":"FersiSolar was born after a long professional career of its founders at an international level in the concentrated solar sector using different technologies. The objective is to make all this experience available to Asset Owners, Investment Funds and Financial Institutions. We rely on three main pillars: Advice to O&#038;M companies of CSP plants. Engineering and [&hellip;]","og_url":"https:\/\/fersisolar.com\/en\/who-we-are\/","og_site_name":"FersiSolar","article_modified_time":"2024-10-08T10:50:03+00:00","twitter_card":"summary_large_image","twitter_misc":{"Est. reading time":"1 minute"},"schema":{"@context":"https:\/\/schema.org","@graph":[{"@type":"WebPage","@id":"https:\/\/fersisolar.com\/en\/who-we-are\/","url":"https:\/\/fersisolar.com\/en\/who-we-are\/","name":"Who we are - FersiSolar","isPartOf":{"@id":"https:\/\/fersisolar.com\/#website"},"datePublished":"2024-08-29T15:38:46+00:00","dateModified":"2024-10-08T10:50:03+00:00","breadcrumb":{"@id":"https:\/\/fersisolar.com\/en\/who-we-are\/#breadcrumb"},"inLanguage":"en-US","potentialAction":[{"@type":"ReadAction","target":["https:\/\/fersisolar.com\/en\/who-we-are\/"]}]},{"@type":"BreadcrumbList","@id":"https:\/\/fersisolar.com\/en\/who-we-are\/#breadcrumb","itemListElement":[{"@type":"ListItem","position":1,"name":"Portada","item":"https:\/\/fersisolar.com\/en\/"},{"@type":"ListItem","position":2,"name":"Who we are"}]},{"@type":"WebSite","@id":"https:\/\/fersisolar.com\/#website","url":"https:\/\/fersisolar.com\/","name":"FersiSolar","description":"Ingenier\u00eda y consultor\u00eda de instalaciones solares t\u00e9rmicas y fotovoltaicas","publisher":{"@id":"https:\/\/fersisolar.com\/#organization"},"potentialAction":[{"@type":"SearchAction","target":{"@type":"EntryPoint","urlTemplate":"https:\/\/fersisolar.com\/?s={search_term_string}"},"query-input":{"@type":"PropertyValueSpecification","valueRequired":true,"valueName":"search_term_string"}}],"inLanguage":"en-US"},{"@type":"Organization","@id":"https:\/\/fersisolar.com\/#organization","name":"FersiSolar","url":"https:\/\/fersisolar.com\/","logo":{"@type":"ImageObject","inLanguage":"en-US","@id":"https:\/\/fersisolar.com\/#\/schema\/logo\/image\/","url":"https:\/\/fersisolar.com\/wp-content\/uploads\/2024\/08\/Logo_Fersisolar.png","contentUrl":"https:\/\/fersisolar.com\/wp-content\/uploads\/2024\/08\/Logo_Fersisolar.png","width":554,"height":100,"caption":"FersiSolar"},"image":{"@id":"https:\/\/fersisolar.com\/#\/schema\/logo\/image\/"}}]}},"_links":{"self":[{"href":"https:\/\/fersisolar.com\/en\/wp-json\/wp\/v2\/pages\/772","targetHints":{"allow":["GET"]}}],"collection":[{"href":"https:\/\/fersisolar.com\/en\/wp-json\/wp\/v2\/pages"}],"about":[{"href":"https:\/\/fersisolar.com\/en\/wp-json\/wp\/v2\/types\/page"}],"author":[{"embeddable":true,"href":"https:\/\/fersisolar.com\/en\/wp-json\/wp\/v2\/users\/1"}],"replies":[{"embeddable":true,"href":"https:\/\/fersisolar.com\/en\/wp-json\/wp\/v2\/comments?post=772"}],"version-history":[{"count":18,"href":"https:\/\/fersisolar.com\/en\/wp-json\/wp\/v2\/pages\/772\/revisions"}],"predecessor-version":[{"id":886,"href":"https:\/\/fersisolar.com\/en\/wp-json\/wp\/v2\/pages\/772\/revisions\/886"}],"wp:attachment":[{"href":"https:\/\/fersisolar.com\/en\/wp-json\/wp\/v2\/media?parent=772"}],"curies":[{"name":"wp","href":"https:\/\/api.w.org\/{rel}","templated":true}]}}