{"id":755,"date":"2024-08-28T11:09:46","date_gmt":"2024-08-28T09:09:46","guid":{"rendered":"https:\/\/fersisolar.com\/home\/"},"modified":"2024-10-18T14:17:03","modified_gmt":"2024-10-18T12:17:03","slug":"home","status":"publish","type":"page","link":"https:\/\/fersisolar.com\/en\/","title":{"rendered":"Home"},"content":{"rendered":"<h1>\n<p><strong>Powering your future with solar energy:<br \/>innovation, efficiency and sustainability for your projects.<\/strong><\/p>\n<\/h1>\n<p>\n    <a href=\"\/en\/contactanos\/\">Contact us today<\/a>\n<\/p>\n<p><img decoding=\"async\" src=\"\/wp-content\/uploads\/2024\/08\/sol.png\" alt=\"\"><\/p>\n<div>\n<p><span style=\"font-weight: 400;\">FersiSolar is a company specialized in engineering and consulting, dedicated to providing technical solutions and comprehensive services for solar thermal and photovoltaic installations.<\/span><\/p>\n<\/div>\n<p><iframe src=\"\/%3Ciframe%20src=\"https:\/\/www.youtube.com\/embed\/RHfcmjnIv1k?controls=0&#038;autoplay=1&#038;start=2&#038;mute=1&#038;loop=1&#038;playlist=RHfcmjnIv1k\" frameborder=\"0\" allow=\"accelerometer; autoplay; clipboard-write; encrypted-media; gyroscope; picture-in-picture; web-share\" referrerpolicy=\"strict-origin-when-cross-origin\" allowfullscreen><\/iframe>&#8220;><\/iframe><\/p>\n<h2>\n<p><strong>Wide range of services<\/strong><\/p>\n<\/h2>\n<div>\n<p>We offer a wide range of services designed to meet the needs of projects seeking to take advantage of renewable energy sources to generate industrial heat.<\/p>\n<\/div>\n<p><img decoding=\"async\" src=\"\/wp-content\/uploads\/2024\/09\/Home_Fersisolar_02.png\" alt=\"\"><br \/>\n<img decoding=\"async\" src=\"\/wp-content\/uploads\/2024\/09\/Home_Fersisolar_03.png\" alt=\"\"><\/p>\n<h2>Our experience and commitment allow us to offer innovative and efficient solutions, ensuring the optimization and sustainability of each installation.<\/h2>\n<p><img decoding=\"async\" src=\"\/wp-content\/uploads\/2024\/09\/Home_Fersisolar_03.png\" alt=\"\"><\/p>\n<h3>What our clients say<\/h3>\n<ul>\n<li>\n<p>Javier L\u00f3pez, Industrial Operations Manager<\/p>\n<div>\n<p>\u201cChoosing FersiSolar was one of the best decisions we have made for our project. Their team of engineers and consultants provided us with tailor-made solutions that exceeded our expectations. The solar thermal and photovoltaic installation has not only reduced our energy costs, but has also proven to be a reliable and sustainable option for our business. We are delighted with the level of professionalism and attention to detail that FersiSolar brought to every stage of the process. I highly recommend their services to any company looking for innovative and efficient energy solutions!\u201d<\/p>\n<\/div>\n<\/li>\n<li>\n<p>Javier L\u00f3pez, Industrial Operations Manager<\/p>\n<div>\n<p>\u201cChoosing FersiSolar was one of the best decisions we have made for our project. Their team of engineers and consultants provided us with tailor-made solutions that exceeded our expectations. The solar thermal and photovoltaic installation has not only reduced our energy costs, but has also proven to be a reliable and sustainable option for our business. We are delighted with the level of professionalism and attention to detail that FersiSolar brought to every stage of the process. I highly recommend their services to any company looking for innovative and efficient energy solutions!\u201d<\/p>\n<\/div>\n<\/li>\n<li>\n<p>Javier L\u00f3pez, Industrial Operations Manager<\/p>\n<div>\n<p>\u201cChoosing FersiSolar was one of the best decisions we have made for our project. Their team of engineers and consultants provided us with tailor-made solutions that exceeded our expectations. The solar thermal and photovoltaic installation has not only reduced our energy costs, but has also proven to be a reliable and sustainable option for our business. We are delighted with the level of professionalism and attention to detail that FersiSolar brought to every stage of the process. I highly recommend their services to any company looking for innovative and efficient energy solutions!\u201d<\/p>\n<\/div>\n<\/li>\n<\/ul>\n<h3>\n<p>If you have a project or any questions, contact us and one of our experts will advise you.<\/p>\n<\/h3>\n<p>\n    <a href=\"\/en\/contactanos\/\">Contact us today<\/a>\n<\/p>\n<p><!--more--><br \/>\n<!-- {\"type\":\"layout\",\"children\":[{\"type\":\"section\",\"props\":{\"height\":\"pixels\",\"height_viewport\":600,\"image\":\"wp-content\\\/uploads\\\/2024\\\/08\\\/FONDO_FERSISOLAR.png\",\"image_position\":\"center-center\",\"image_size\":\"cover\",\"padding\":\"none\",\"style\":\"default\",\"title_breakpoint\":\"xl\",\"title_position\":\"top-left\",\"title_rotation\":\"left\",\"vertical_align\":\"middle\",\"width\":\"\"},\"children\":[{\"type\":\"row\",\"children\":[{\"type\":\"column\",\"props\":{\"image_position\":\"center-center\",\"position_sticky_breakpoint\":\"m\"},\"children\":[{\"type\":\"headline\",\"props\":{\"content\":\"\n\n<p><strong>Powering your future with solar energy:<br \\\/>innovation, efficiency and sustainability for your projects.<\\\/strong><\\\/p>\",\"text_align\":\"center\",\"title_color\":\"primary\",\"title_element\":\"h1\",\"title_style\":\"h1\"}}]}]},{\"type\":\"row\",\"children\":[{\"type\":\"column\",\"props\":{\"image_position\":\"center-center\",\"position_sticky_breakpoint\":\"m\"},\"children\":[{\"type\":\"button\",\"props\":{\"grid_column_gap\":\"small\",\"grid_row_gap\":\"small\",\"margin\":\"default\",\"text_align\":\"center\"},\"children\":[{\"type\":\"button_item\",\"props\":{\"button_style\":\"default\",\"content\":\"Contact us today\",\"icon_align\":\"left\",\"link\":\"en\\\/contactanos\\\/\"}}]}]}]}],\"name\":\"ENTRADA\"},{\"type\":\"section\",\"props\":{\"image_position\":\"center-center\",\"style\":\"default\",\"title_breakpoint\":\"xl\",\"title_position\":\"top-left\",\"title_rotation\":\"left\",\"vertical_align\":\"middle\",\"width\":\"default\"},\"children\":[{\"type\":\"row\",\"children\":[{\"type\":\"column\",\"props\":{\"image_position\":\"center-center\",\"position_sticky_breakpoint\":\"m\"},\"children\":[{\"type\":\"image\",\"props\":{\"image\":\"wp-content\\\/uploads\\\/2024\\\/08\\\/sol.png\",\"image_svg_color\":\"emphasis\",\"image_width\":200,\"margin\":\"default\",\"text_align\":\"center\"}},{\"type\":\"text\",\"props\":{\"block_align\":\"center\",\"column_breakpoint\":\"m\",\"content\":\"\n\n<p><span style=\\\"font-weight: 400;\\\">FersiSolar is a company specialized in engineering and consulting, dedicated to providing technical solutions and comprehensive services for solar thermal and photovoltaic installations.<\\\/span><\\\/p>\",\"margin\":\"large\",\"maxwidth\":\"xlarge\",\"text_align\":\"center\"}},{\"type\":\"video\",\"props\":{\"margin\":\"\",\"text_align\":\"center\",\"video\":\"<iframe src=\\\"https:\\\/\\\/www.youtube.com\\\/embed\\\/RHfcmjnIv1k?controls=0&autoplay=1&start=2&mute=1&loop=1&playlist=RHfcmjnIv1k\\\" frameborder=\\\"0\\\" allow=\\\"accelerometer; autoplay; clipboard-write; encrypted-media; gyroscope; picture-in-picture; web-share\\\" referrerpolicy=\\\"strict-origin-when-cross-origin\\\" allowfullscreen><\\\/iframe>\",\"video_controls\":true,\"video_width\":\"900\"},\"name\":\"video\"}]}]}],\"name\":\"SOL\"},{\"type\":\"section\",\"props\":{\"image_position\":\"center-center\",\"style\":\"primary\",\"title_breakpoint\":\"xl\",\"title_position\":\"top-left\",\"title_rotation\":\"left\",\"vertical_align\":\"middle\",\"width\":\"default\"},\"children\":[{\"type\":\"row\",\"props\":{\"column_gap\":\"large\",\"layout\":\"1-2,1-2\"},\"children\":[{\"type\":\"column\",\"props\":{\"image_position\":\"center-center\",\"position_sticky_breakpoint\":\"m\",\"vertical_align\":\"middle\",\"width_medium\":\"1-2\",\"width_small\":\"1-2\"},\"children\":[{\"type\":\"headline\",\"props\":{\"block_align\":\"center\",\"content\":\"\n\n<p><strong>Wide range of services<\\\/strong><\\\/p>\",\"maxwidth\":\"large\",\"maxwidth_breakpoint\":\"s\",\"text_align\":\"left\",\"text_align_breakpoint\":\"s\",\"text_align_fallback\":\"center\",\"title_element\":\"h2\",\"title_style\":\"h1\"}},{\"type\":\"text\",\"props\":{\"block_align\":\"center\",\"block_align_breakpoint\":\"s\",\"block_align_fallback\":\"center\",\"column_breakpoint\":\"m\",\"content\":\"\n\n<p>We offer a wide range of services designed to meet the needs of projects seeking to take advantage of renewable energy sources to generate industrial heat.<\\\/p>\",\"margin\":\"default\",\"maxwidth\":\"large\",\"maxwidth_breakpoint\":\"s\",\"text_align\":\"left\",\"text_align_breakpoint\":\"s\",\"text_align_fallback\":\"center\",\"text_color\":\"primary\"}}]},{\"type\":\"column\",\"props\":{\"image_position\":\"center-center\",\"position_sticky_breakpoint\":\"m\",\"width_medium\":\"1-2\",\"width_small\":\"1-2\"},\"children\":[{\"type\":\"image\",\"props\":{\"image\":\"wp-content\\\/uploads\\\/2024\\\/09\\\/Home_Fersisolar_02.png\",\"image_svg_color\":\"emphasis\",\"margin\":\"default\",\"text_align\":\"right\",\"text_align_breakpoint\":\"m\",\"text_align_fallback\":\"center\"}}]}]},{\"type\":\"row\",\"props\":{\"column_gap\":\"large\",\"layout\":\"1-2,1-2\"},\"children\":[{\"type\":\"column\",\"props\":{\"image_position\":\"center-center\",\"position_sticky_breakpoint\":\"m\",\"width_medium\":\"1-2\",\"width_small\":\"1-2\"},\"children\":[{\"type\":\"image\",\"props\":{\"image\":\"wp-content\\\/uploads\\\/2024\\\/09\\\/Home_Fersisolar_03.png\",\"image_svg_color\":\"emphasis\",\"margin\":\"default\",\"text_align\":\"left\",\"visibility\":\"s\"}}]},{\"type\":\"column\",\"props\":{\"image_position\":\"center-center\",\"position_sticky_breakpoint\":\"m\",\"vertical_align\":\"middle\",\"width_medium\":\"1-2\",\"width_small\":\"1-2\"},\"children\":[{\"type\":\"headline\",\"props\":{\"block_align\":\"center\",\"block_align_breakpoint\":\"s\",\"block_align_fallback\":\"center\",\"content\":\"Our experience and commitment allow us to offer innovative and efficient solutions, ensuring the optimization and sustainability of each installation.\",\"maxwidth\":\"large\",\"text_align\":\"left\",\"text_align_breakpoint\":\"s\",\"text_align_fallback\":\"center\",\"title_element\":\"h2\",\"title_style\":\"h1\"}},{\"type\":\"image\",\"props\":{\"image\":\"wp-content\\\/uploads\\\/2024\\\/09\\\/Home_Fersisolar_03.png\",\"image_svg_color\":\"emphasis\",\"margin\":\"default\",\"text_align\":\"center\",\"visibility\":\"hidden-s\"}}]}]}],\"name\":\"AMPLIA GAMA DE SERVICIOS\"},{\"type\":\"section\",\"props\":{\"image_position\":\"center-center\",\"padding\":\"large\",\"style\":\"secondary\",\"title_breakpoint\":\"xl\",\"title_position\":\"top-left\",\"title_rotation\":\"left\",\"vertical_align\":\"middle\",\"width\":\"default\"},\"children\":[{\"type\":\"row\",\"children\":[{\"type\":\"column\",\"props\":{\"image_position\":\"center-center\",\"position_sticky_breakpoint\":\"m\"},\"children\":[{\"type\":\"headline\",\"props\":{\"content\":\"What our clients say\",\"margin\":\"medium\",\"text_align\":\"center\",\"title_color\":\"secondary\",\"title_element\":\"h3\",\"title_style\":\"h1\"}},{\"type\":\"panel-slider\",\"props\":{\"block_align\":\"center\",\"content_column_breakpoint\":\"m\",\"css\":\".el-content {\\ncolor:black;\\nline-height:1.36;\\n}\\n.el-slidenav:first-of-type {\\n    left: -50px; \\\/* Posici\\u00f3n para el primer elemento *\\\/\\n}\\n.el-slidenav:last-of-type {\\n    right: -50px; \\\/* Posici\\u00f3n para el segundo elemento *\\\/\\n}\\n\\n\",\"icon_width\":80,\"image_align\":\"top\",\"image_grid_breakpoint\":\"m\",\"image_grid_width\":\"1-2\",\"image_svg_color\":\"emphasis\",\"link_style\":\"default\",\"link_text\":\"Read more\",\"margin\":\"default\",\"maxwidth\":\"xlarge\",\"meta_align\":\"below-content\",\"meta_color\":\"secondary\",\"meta_element\":\"div\",\"meta_margin\":\"medium\",\"meta_style\":\"text-lead\",\"nav\":\"\",\"nav_align\":\"center\",\"nav_breakpoint\":\"s\",\"panel_match\":true,\"panel_padding\":\"large\",\"show_content\":true,\"show_image\":true,\"show_link\":true,\"show_meta\":true,\"show_title\":true,\"slidenav\":\"outside\",\"slidenav_breakpoint\":\"\",\"slidenav_large\":false,\"slidenav_margin\":\"\",\"slidenav_outside_breakpoint\":\"xl\",\"slider_autoplay\":true,\"slider_autoplay_pause\":true,\"slider_gap\":\"default\",\"slider_sets\":true,\"slider_width\":\"\",\"slider_width_default\":\"1-1\",\"slider_width_medium\":\"1-1\",\"text_align\":\"center\",\"title_align\":\"top\",\"title_element\":\"h3\",\"title_grid_breakpoint\":\"m\",\"title_grid_width\":\"1-2\",\"title_hover_style\":\"reset\"},\"children\":[{\"type\":\"panel-slider_item\",\"props\":{\"content\":\"\n\n<p>\\u201cChoosing FersiSolar was one of the best decisions we have made for our project. Their team of engineers and consultants provided us with tailor-made solutions that exceeded our expectations. The solar thermal and photovoltaic installation has not only reduced our energy costs, but has also proven to be a reliable and sustainable option for our business. We are delighted with the level of professionalism and attention to detail that FersiSolar brought to every stage of the process. I highly recommend their services to any company looking for innovative and efficient energy solutions!\\u201d<\\\/p>\",\"meta\":\"Javier L\\u00f3pez, Industrial Operations Manager\"}},{\"type\":\"panel-slider_item\",\"props\":{\"content\":\"\n\n<p>\\u201cChoosing FersiSolar was one of the best decisions we have made for our project. Their team of engineers and consultants provided us with tailor-made solutions that exceeded our expectations. The solar thermal and photovoltaic installation has not only reduced our energy costs, but has also proven to be a reliable and sustainable option for our business. We are delighted with the level of professionalism and attention to detail that FersiSolar brought to every stage of the process. I highly recommend their services to any company looking for innovative and efficient energy solutions!\\u201d<\\\/p>\",\"meta\":\"Javier L\\u00f3pez, Industrial Operations Manager\"}},{\"type\":\"panel-slider_item\",\"props\":{\"content\":\"\n\n<p>\\u201cChoosing FersiSolar was one of the best decisions we have made for our project. Their team of engineers and consultants provided us with tailor-made solutions that exceeded our expectations. The solar thermal and photovoltaic installation has not only reduced our energy costs, but has also proven to be a reliable and sustainable option for our business. We are delighted with the level of professionalism and attention to detail that FersiSolar brought to every stage of the process. I highly recommend their services to any company looking for innovative and efficient energy solutions!\\u201d<\\\/p>\",\"meta\":\"Javier L\\u00f3pez, Industrial Operations Manager\"}}]}]}]}],\"name\":\"OPINIONES\"},{\"type\":\"section\",\"props\":{\"image_position\":\"center-center\",\"padding\":\"large\",\"style\":\"default\",\"title_breakpoint\":\"xl\",\"title_position\":\"top-left\",\"title_rotation\":\"left\",\"vertical_align\":\"middle\",\"width\":\"default\"},\"children\":[{\"type\":\"row\",\"props\":{\"layout\":\"1-2,1-2\"},\"children\":[{\"type\":\"column\",\"props\":{\"image_position\":\"center-center\",\"position_sticky_breakpoint\":\"m\",\"width_medium\":\"1-2\"},\"children\":[{\"type\":\"headline\",\"props\":{\"content\":\"\n\n<p>If you have a project or any questions, contact us and one of our experts will advise you.<\\\/p>\",\"text_align\":\"left\",\"text_align_breakpoint\":\"m\",\"text_align_fallback\":\"center\",\"title_element\":\"h3\",\"title_style\":\"h1\"}}]},{\"type\":\"column\",\"props\":{\"image_position\":\"center-center\",\"position_sticky_breakpoint\":\"m\",\"vertical_align\":\"bottom\",\"width_medium\":\"1-2\"},\"children\":[{\"type\":\"button\",\"props\":{\"block_align\":\"center\",\"fullwidth\":true,\"grid_column_gap\":\"small\",\"grid_row_gap\":\"small\",\"margin\":\"default\",\"maxwidth\":\"medium\"},\"children\":[{\"type\":\"button_item\",\"props\":{\"button_style\":\"default\",\"content\":\"Contact us today\",\"icon_align\":\"left\",\"link\":\"en\\\/contactanos\\\/\"}}]}]}]}],\"name\":\"Contacta\"}],\"version\":\"4.4.10\"} --><\/p>\n","protected":false},"excerpt":{"rendered":"<p>Powering your future with solar energy:innovation, efficiency and sustainability for your projects. Contact us today FersiSolar is a company specialized in engineering and consulting, dedicated to providing technical solutions and comprehensive services for solar thermal and photovoltaic installations.<\/p>\n","protected":false},"author":1,"featured_media":0,"parent":0,"menu_order":0,"comment_status":"closed","ping_status":"closed","template":"","meta":{"footnotes":""},"class_list":["post-755","page","type-page","status-publish","hentry"],"yoast_head":"<!-- This site is optimized with the Yoast SEO plugin v27.3 - https:\/\/yoast.com\/product\/yoast-seo-wordpress\/ -->\n<title>Home - FersiSolar<\/title>\n<meta name=\"robots\" content=\"index, follow, max-snippet:-1, max-image-preview:large, max-video-preview:-1\" \/>\n<link rel=\"canonical\" href=\"https:\/\/fersisolar.com\/en\/\" \/>\n<meta property=\"og:locale\" content=\"en_US\" \/>\n<meta property=\"og:type\" content=\"article\" \/>\n<meta property=\"og:title\" content=\"Home - FersiSolar\" \/>\n<meta property=\"og:description\" content=\"Powering your future with solar energy:innovation, efficiency and sustainability for your projects. Contact us today FersiSolar is a company specialized in engineering and consulting, dedicated to providing technical solutions and comprehensive services for solar thermal and photovoltaic installations.\" \/>\n<meta property=\"og:url\" content=\"https:\/\/fersisolar.com\/en\/\" \/>\n<meta property=\"og:site_name\" content=\"FersiSolar\" \/>\n<meta property=\"article:modified_time\" content=\"2024-10-18T12:17:03+00:00\" \/>\n<meta name=\"twitter:card\" content=\"summary_large_image\" \/>\n<meta name=\"twitter:label1\" content=\"Est. reading time\" \/>\n\t<meta name=\"twitter:data1\" content=\"2 minutes\" \/>\n<script type=\"application\/ld+json\" class=\"yoast-schema-graph\">{\"@context\":\"https:\\\/\\\/schema.org\",\"@graph\":[{\"@type\":\"WebPage\",\"@id\":\"https:\\\/\\\/fersisolar.com\\\/en\\\/\",\"url\":\"https:\\\/\\\/fersisolar.com\\\/en\\\/\",\"name\":\"Home - FersiSolar\",\"isPartOf\":{\"@id\":\"https:\\\/\\\/fersisolar.com\\\/#website\"},\"datePublished\":\"2024-08-28T09:09:46+00:00\",\"dateModified\":\"2024-10-18T12:17:03+00:00\",\"breadcrumb\":{\"@id\":\"https:\\\/\\\/fersisolar.com\\\/en\\\/#breadcrumb\"},\"inLanguage\":\"en-US\",\"potentialAction\":[{\"@type\":\"ReadAction\",\"target\":[\"https:\\\/\\\/fersisolar.com\\\/en\\\/\"]}]},{\"@type\":\"BreadcrumbList\",\"@id\":\"https:\\\/\\\/fersisolar.com\\\/en\\\/#breadcrumb\",\"itemListElement\":[{\"@type\":\"ListItem\",\"position\":1,\"name\":\"Portada\",\"item\":\"https:\\\/\\\/fersisolar.com\\\/en\\\/\"},{\"@type\":\"ListItem\",\"position\":2,\"name\":\"Home\"}]},{\"@type\":\"WebSite\",\"@id\":\"https:\\\/\\\/fersisolar.com\\\/#website\",\"url\":\"https:\\\/\\\/fersisolar.com\\\/\",\"name\":\"FersiSolar\",\"description\":\"Ingenier\u00eda y consultor\u00eda de instalaciones solares t\u00e9rmicas y fotovoltaicas\",\"publisher\":{\"@id\":\"https:\\\/\\\/fersisolar.com\\\/#organization\"},\"potentialAction\":[{\"@type\":\"SearchAction\",\"target\":{\"@type\":\"EntryPoint\",\"urlTemplate\":\"https:\\\/\\\/fersisolar.com\\\/?s={search_term_string}\"},\"query-input\":{\"@type\":\"PropertyValueSpecification\",\"valueRequired\":true,\"valueName\":\"search_term_string\"}}],\"inLanguage\":\"en-US\"},{\"@type\":\"Organization\",\"@id\":\"https:\\\/\\\/fersisolar.com\\\/#organization\",\"name\":\"FersiSolar\",\"url\":\"https:\\\/\\\/fersisolar.com\\\/\",\"logo\":{\"@type\":\"ImageObject\",\"inLanguage\":\"en-US\",\"@id\":\"https:\\\/\\\/fersisolar.com\\\/#\\\/schema\\\/logo\\\/image\\\/\",\"url\":\"https:\\\/\\\/fersisolar.com\\\/wp-content\\\/uploads\\\/2024\\\/08\\\/Logo_Fersisolar.png\",\"contentUrl\":\"https:\\\/\\\/fersisolar.com\\\/wp-content\\\/uploads\\\/2024\\\/08\\\/Logo_Fersisolar.png\",\"width\":554,\"height\":100,\"caption\":\"FersiSolar\"},\"image\":{\"@id\":\"https:\\\/\\\/fersisolar.com\\\/#\\\/schema\\\/logo\\\/image\\\/\"}}]}<\/script>\n<!-- \/ Yoast SEO plugin. -->","yoast_head_json":{"title":"Home - FersiSolar","robots":{"index":"index","follow":"follow","max-snippet":"max-snippet:-1","max-image-preview":"max-image-preview:large","max-video-preview":"max-video-preview:-1"},"canonical":"https:\/\/fersisolar.com\/en\/","og_locale":"en_US","og_type":"article","og_title":"Home - FersiSolar","og_description":"Powering your future with solar energy:innovation, efficiency and sustainability for your projects. Contact us today FersiSolar is a company specialized in engineering and consulting, dedicated to providing technical solutions and comprehensive services for solar thermal and photovoltaic installations.","og_url":"https:\/\/fersisolar.com\/en\/","og_site_name":"FersiSolar","article_modified_time":"2024-10-18T12:17:03+00:00","twitter_card":"summary_large_image","twitter_misc":{"Est. reading time":"2 minutes"},"schema":{"@context":"https:\/\/schema.org","@graph":[{"@type":"WebPage","@id":"https:\/\/fersisolar.com\/en\/","url":"https:\/\/fersisolar.com\/en\/","name":"Home - FersiSolar","isPartOf":{"@id":"https:\/\/fersisolar.com\/#website"},"datePublished":"2024-08-28T09:09:46+00:00","dateModified":"2024-10-18T12:17:03+00:00","breadcrumb":{"@id":"https:\/\/fersisolar.com\/en\/#breadcrumb"},"inLanguage":"en-US","potentialAction":[{"@type":"ReadAction","target":["https:\/\/fersisolar.com\/en\/"]}]},{"@type":"BreadcrumbList","@id":"https:\/\/fersisolar.com\/en\/#breadcrumb","itemListElement":[{"@type":"ListItem","position":1,"name":"Portada","item":"https:\/\/fersisolar.com\/en\/"},{"@type":"ListItem","position":2,"name":"Home"}]},{"@type":"WebSite","@id":"https:\/\/fersisolar.com\/#website","url":"https:\/\/fersisolar.com\/","name":"FersiSolar","description":"Ingenier\u00eda y consultor\u00eda de instalaciones solares t\u00e9rmicas y fotovoltaicas","publisher":{"@id":"https:\/\/fersisolar.com\/#organization"},"potentialAction":[{"@type":"SearchAction","target":{"@type":"EntryPoint","urlTemplate":"https:\/\/fersisolar.com\/?s={search_term_string}"},"query-input":{"@type":"PropertyValueSpecification","valueRequired":true,"valueName":"search_term_string"}}],"inLanguage":"en-US"},{"@type":"Organization","@id":"https:\/\/fersisolar.com\/#organization","name":"FersiSolar","url":"https:\/\/fersisolar.com\/","logo":{"@type":"ImageObject","inLanguage":"en-US","@id":"https:\/\/fersisolar.com\/#\/schema\/logo\/image\/","url":"https:\/\/fersisolar.com\/wp-content\/uploads\/2024\/08\/Logo_Fersisolar.png","contentUrl":"https:\/\/fersisolar.com\/wp-content\/uploads\/2024\/08\/Logo_Fersisolar.png","width":554,"height":100,"caption":"FersiSolar"},"image":{"@id":"https:\/\/fersisolar.com\/#\/schema\/logo\/image\/"}}]}},"_links":{"self":[{"href":"https:\/\/fersisolar.com\/en\/wp-json\/wp\/v2\/pages\/755","targetHints":{"allow":["GET"]}}],"collection":[{"href":"https:\/\/fersisolar.com\/en\/wp-json\/wp\/v2\/pages"}],"about":[{"href":"https:\/\/fersisolar.com\/en\/wp-json\/wp\/v2\/types\/page"}],"author":[{"embeddable":true,"href":"https:\/\/fersisolar.com\/en\/wp-json\/wp\/v2\/users\/1"}],"replies":[{"embeddable":true,"href":"https:\/\/fersisolar.com\/en\/wp-json\/wp\/v2\/comments?post=755"}],"version-history":[{"count":19,"href":"https:\/\/fersisolar.com\/en\/wp-json\/wp\/v2\/pages\/755\/revisions"}],"predecessor-version":[{"id":1104,"href":"https:\/\/fersisolar.com\/en\/wp-json\/wp\/v2\/pages\/755\/revisions\/1104"}],"wp:attachment":[{"href":"https:\/\/fersisolar.com\/en\/wp-json\/wp\/v2\/media?parent=755"}],"curies":[{"name":"wp","href":"https:\/\/api.w.org\/{rel}","templated":true}]}}